{"id":2785,"date":"2022-12-19T19:44:26","date_gmt":"2022-12-19T18:44:26","guid":{"rendered":"https:\/\/masricardenque.fr\/?post_type=product&#038;p=2785"},"modified":"2024-12-12T15:47:37","modified_gmt":"2024-12-12T14:47:37","slug":"coffret-decouverte-vin-mas-ricardenque","status":"publish","type":"product","link":"https:\/\/masricardenque.fr\/en\/boutique\/coffret-decouverte\/coffret-decouverte-vin-mas-ricardenque\/","title":{"rendered":"Discovery box"},"content":{"rendered":"<p>Composez votre coffret pour d\u00e9couvrir les vins du <a href=\"https:\/\/masricardenque.fr\/en\/\">Mas Ricardenque.<\/a><\/p>","protected":false},"excerpt":{"rendered":"<p>Composez votre coffret pour d\u00e9couvrir les vins du Mas Ricardenque.<\/p>","protected":false},"featured_media":3070,"comment_status":"closed","ping_status":"closed","template":"","meta":{"site-sidebar-layout":"default","site-content-layout":"default","ast-site-content-layout":"default","site-content-style":"default","site-sidebar-style":"default","ast-global-header-display":"","ast-banner-title-visibility":"","ast-main-header-display":"","ast-hfb-above-header-display":"","ast-hfb-below-header-display":"","ast-hfb-mobile-header-display":"","site-post-title":"","ast-breadcrumbs-content":"","ast-featured-img":"","footer-sml-layout":"","ast-disable-related-posts":"","theme-transparent-header-meta":"default","adv-header-id-meta":"","stick-header-meta":"","header-above-stick-meta":"","header-main-stick-meta":"","header-below-stick-meta":"","astra-migrate-meta-layouts":"set","ast-page-background-enabled":"default","ast-page-background-meta":{"desktop":{"background-color":"var(--ast-global-color-4)","background-image":"","background-repeat":"repeat","background-position":"center center","background-size":"auto","background-attachment":"scroll","background-type":"","background-media":"","overlay-type":"","overlay-color":"","overlay-opacity":"","overlay-gradient":""},"tablet":{"background-color":"","background-image":"","background-repeat":"repeat","background-position":"center center","background-size":"auto","background-attachment":"scroll","background-type":"","background-media":"","overlay-type":"","overlay-color":"","overlay-opacity":"","overlay-gradient":""},"mobile":{"background-color":"","background-image":"","background-repeat":"repeat","background-position":"center center","background-size":"auto","background-attachment":"scroll","background-type":"","background-media":"","overlay-type":"","overlay-color":"","overlay-opacity":"","overlay-gradient":""}},"ast-content-background-meta":{"desktop":{"background-color":"var(--ast-global-color-5)","background-image":"","background-repeat":"repeat","background-position":"center center","background-size":"auto","background-attachment":"scroll","background-type":"","background-media":"","overlay-type":"","overlay-color":"","overlay-opacity":"","overlay-gradient":""},"tablet":{"background-color":"var(--ast-global-color-5)","background-image":"","background-repeat":"repeat","background-position":"center center","background-size":"auto","background-attachment":"scroll","background-type":"","background-media":"","overlay-type":"","overlay-color":"","overlay-opacity":"","overlay-gradient":""},"mobile":{"background-color":"var(--ast-global-color-5)","background-image":"","background-repeat":"repeat","background-position":"center center","background-size":"auto","background-attachment":"scroll","background-type":"","background-media":"","overlay-type":"","overlay-color":"","overlay-opacity":"","overlay-gradient":""}}},"product_brand":[],"product_cat":[44],"product_tag":[],"class_list":{"0":"post-2785","1":"product","2":"type-product","3":"status-publish","4":"has-post-thumbnail","6":"product_cat-coffret-decouverte","7":"desktop-align-left","8":"tablet-align-left","9":"mobile-align-left","11":"first","12":"outofstock","13":"taxable","14":"shipping-taxable","15":"purchasable","16":"product-type-variable"},"yoast_head":"<!-- This site is optimized with the Yoast SEO plugin v27.4 - https:\/\/yoast.com\/product\/yoast-seo-wordpress\/ -->\n<title>Coffret d\u00e9couverte - Domaine Mas Ricardenque (Callian , Var)<\/title>\n<meta name=\"description\" content=\"Cr\u00e9ez votre assortiment sur mesure pour d\u00e9couvrir les diff\u00e9rentes cuv\u00e9es de vins du Mas Ricardenque.\" \/>\n<meta name=\"robots\" content=\"index, follow, max-snippet:-1, max-image-preview:large, max-video-preview:-1\" \/>\n<link rel=\"canonical\" href=\"https:\/\/masricardenque.fr\/en\/boutique\/coffret-decouverte\/coffret-decouverte-vin-mas-ricardenque\/\" \/>\n<meta property=\"og:locale\" content=\"en_GB\" \/>\n<meta property=\"og:type\" content=\"article\" \/>\n<meta property=\"og:title\" content=\"Coffret d\u00e9couverte\" \/>\n<meta property=\"og:description\" content=\"Compos\u00e9 votre coffret pour d\u00e9couvrir nos vins\" \/>\n<meta property=\"og:url\" content=\"https:\/\/masricardenque.fr\/en\/boutique\/coffret-decouverte\/coffret-decouverte-vin-mas-ricardenque\/\" \/>\n<meta property=\"og:site_name\" content=\"Mas Ricardenque\" \/>\n<meta property=\"article:publisher\" content=\"https:\/\/www.facebook.com\/profile.php?id=100054311390282\" \/>\n<meta property=\"article:modified_time\" content=\"2024-12-12T14:47:37+00:00\" \/>\n<meta property=\"og:image\" content=\"https:\/\/masricardenque.fr\/wp-content\/uploads\/2022\/09\/DSC07007.jpg\" \/>\n\t<meta property=\"og:image:width\" content=\"2048\" \/>\n\t<meta property=\"og:image:height\" content=\"1365\" \/>\n\t<meta property=\"og:image:type\" content=\"image\/jpeg\" \/>\n<meta name=\"twitter:card\" content=\"summary_large_image\" \/>\n<meta name=\"twitter:title\" content=\"Coffret d\u00e9couverte\" \/>\n<meta name=\"twitter:description\" content=\"Compos\u00e9 votre coffret pour d\u00e9couvrir nos vins\" \/>\n<meta name=\"twitter:image\" content=\"https:\/\/masricardenque.fr\/wp-content\/uploads\/2022\/09\/DSC07007.jpg\" \/>\n<meta name=\"twitter:label1\" content=\"Estimated reading time\" \/>\n\t<meta name=\"twitter:data1\" content=\"1 minute\" \/>\n<script type=\"application\/ld+json\" class=\"yoast-schema-graph\">{\"@context\":\"https:\\\/\\\/schema.org\",\"@graph\":[{\"@type\":\"WebPage\",\"@id\":\"https:\\\/\\\/masricardenque.fr\\\/boutique\\\/coffret-decouverte\\\/coffret-decouverte-vin-mas-ricardenque\\\/\",\"url\":\"https:\\\/\\\/masricardenque.fr\\\/boutique\\\/coffret-decouverte\\\/coffret-decouverte-vin-mas-ricardenque\\\/\",\"name\":\"Coffret d\u00e9couverte - Domaine Mas Ricardenque (Callian , Var)\",\"isPartOf\":{\"@id\":\"https:\\\/\\\/masricardenque.fr\\\/#website\"},\"primaryImageOfPage\":{\"@id\":\"https:\\\/\\\/masricardenque.fr\\\/boutique\\\/coffret-decouverte\\\/coffret-decouverte-vin-mas-ricardenque\\\/#primaryimage\"},\"image\":{\"@id\":\"https:\\\/\\\/masricardenque.fr\\\/boutique\\\/coffret-decouverte\\\/coffret-decouverte-vin-mas-ricardenque\\\/#primaryimage\"},\"thumbnailUrl\":\"https:\\\/\\\/masricardenque.fr\\\/wp-content\\\/uploads\\\/2023\\\/03\\\/cofrret-decouverte.jpg\",\"datePublished\":\"2022-12-19T18:44:26+00:00\",\"dateModified\":\"2024-12-12T14:47:37+00:00\",\"description\":\"Cr\u00e9ez votre assortiment sur mesure pour d\u00e9couvrir les diff\u00e9rentes cuv\u00e9es de vins du Mas Ricardenque.\",\"breadcrumb\":{\"@id\":\"https:\\\/\\\/masricardenque.fr\\\/boutique\\\/coffret-decouverte\\\/coffret-decouverte-vin-mas-ricardenque\\\/#breadcrumb\"},\"inLanguage\":\"en-GB\",\"potentialAction\":[{\"@type\":\"ReadAction\",\"target\":[\"https:\\\/\\\/masricardenque.fr\\\/boutique\\\/coffret-decouverte\\\/coffret-decouverte-vin-mas-ricardenque\\\/\"]}]},{\"@type\":\"ImageObject\",\"inLanguage\":\"en-GB\",\"@id\":\"https:\\\/\\\/masricardenque.fr\\\/boutique\\\/coffret-decouverte\\\/coffret-decouverte-vin-mas-ricardenque\\\/#primaryimage\",\"url\":\"https:\\\/\\\/masricardenque.fr\\\/wp-content\\\/uploads\\\/2023\\\/03\\\/cofrret-decouverte.jpg\",\"contentUrl\":\"https:\\\/\\\/masricardenque.fr\\\/wp-content\\\/uploads\\\/2023\\\/03\\\/cofrret-decouverte.jpg\",\"width\":2048,\"height\":1365},{\"@type\":\"BreadcrumbList\",\"@id\":\"https:\\\/\\\/masricardenque.fr\\\/boutique\\\/coffret-decouverte\\\/coffret-decouverte-vin-mas-ricardenque\\\/#breadcrumb\",\"itemListElement\":[{\"@type\":\"ListItem\",\"position\":1,\"name\":\"Accueil\",\"item\":\"https:\\\/\\\/masricardenque.fr\\\/\"},{\"@type\":\"ListItem\",\"position\":2,\"name\":\"Boutique\",\"item\":\"https:\\\/\\\/masricardenque.fr\\\/boutique-2\\\/\"},{\"@type\":\"ListItem\",\"position\":3,\"name\":\"Coffret d\u00e9couverte\"}]},{\"@type\":\"WebSite\",\"@id\":\"https:\\\/\\\/masricardenque.fr\\\/#website\",\"url\":\"https:\\\/\\\/masricardenque.fr\\\/\",\"name\":\"www.masricardenque.fr\",\"description\":\"Producteur de vins et de roses centifolia biologiques \u00e0 Callian\",\"publisher\":{\"@id\":\"https:\\\/\\\/masricardenque.fr\\\/#organization\"},\"potentialAction\":[{\"@type\":\"SearchAction\",\"target\":{\"@type\":\"EntryPoint\",\"urlTemplate\":\"https:\\\/\\\/masricardenque.fr\\\/?s={search_term_string}\"},\"query-input\":{\"@type\":\"PropertyValueSpecification\",\"valueRequired\":true,\"valueName\":\"search_term_string\"}}],\"inLanguage\":\"en-GB\"},{\"@type\":\"Organization\",\"@id\":\"https:\\\/\\\/masricardenque.fr\\\/#organization\",\"name\":\"www.masricardenque.fr\",\"url\":\"https:\\\/\\\/masricardenque.fr\\\/\",\"logo\":{\"@type\":\"ImageObject\",\"inLanguage\":\"en-GB\",\"@id\":\"https:\\\/\\\/masricardenque.fr\\\/#\\\/schema\\\/logo\\\/image\\\/\",\"url\":\"https:\\\/\\\/masricardenque.fr\\\/wp-content\\\/uploads\\\/2022\\\/06\\\/cropped-Logo-mas-ricardenque-noir.png\",\"contentUrl\":\"https:\\\/\\\/masricardenque.fr\\\/wp-content\\\/uploads\\\/2022\\\/06\\\/cropped-Logo-mas-ricardenque-noir.png\",\"width\":890,\"height\":418,\"caption\":\"www.masricardenque.fr\"},\"image\":{\"@id\":\"https:\\\/\\\/masricardenque.fr\\\/#\\\/schema\\\/logo\\\/image\\\/\"},\"sameAs\":[\"https:\\\/\\\/www.facebook.com\\\/profile.php?id=100054311390282\"]}]}<\/script>\n<!-- \/ Yoast SEO plugin. -->","yoast_head_json":{"title":"Coffret d\u00e9couverte - Domaine Mas Ricardenque (Callian , Var)","description":"Cr\u00e9ez votre assortiment sur mesure pour d\u00e9couvrir les diff\u00e9rentes cuv\u00e9es de vins du Mas Ricardenque.","robots":{"index":"index","follow":"follow","max-snippet":"max-snippet:-1","max-image-preview":"max-image-preview:large","max-video-preview":"max-video-preview:-1"},"canonical":"https:\/\/masricardenque.fr\/en\/boutique\/coffret-decouverte\/coffret-decouverte-vin-mas-ricardenque\/","og_locale":"en_GB","og_type":"article","og_title":"Coffret d\u00e9couverte","og_description":"Compos\u00e9 votre coffret pour d\u00e9couvrir nos vins","og_url":"https:\/\/masricardenque.fr\/en\/boutique\/coffret-decouverte\/coffret-decouverte-vin-mas-ricardenque\/","og_site_name":"Mas Ricardenque","article_publisher":"https:\/\/www.facebook.com\/profile.php?id=100054311390282","article_modified_time":"2024-12-12T14:47:37+00:00","og_image":[{"width":2048,"height":1365,"url":"https:\/\/masricardenque.fr\/wp-content\/uploads\/2022\/09\/DSC07007.jpg","type":"image\/jpeg"}],"twitter_card":"summary_large_image","twitter_title":"Coffret d\u00e9couverte","twitter_description":"Compos\u00e9 votre coffret pour d\u00e9couvrir nos vins","twitter_image":"https:\/\/masricardenque.fr\/wp-content\/uploads\/2022\/09\/DSC07007.jpg","twitter_misc":{"Estimated reading time":"1 minute"},"schema":{"@context":"https:\/\/schema.org","@graph":[{"@type":"WebPage","@id":"https:\/\/masricardenque.fr\/boutique\/coffret-decouverte\/coffret-decouverte-vin-mas-ricardenque\/","url":"https:\/\/masricardenque.fr\/boutique\/coffret-decouverte\/coffret-decouverte-vin-mas-ricardenque\/","name":"Coffret d\u00e9couverte - Domaine Mas Ricardenque (Callian , Var)","isPartOf":{"@id":"https:\/\/masricardenque.fr\/#website"},"primaryImageOfPage":{"@id":"https:\/\/masricardenque.fr\/boutique\/coffret-decouverte\/coffret-decouverte-vin-mas-ricardenque\/#primaryimage"},"image":{"@id":"https:\/\/masricardenque.fr\/boutique\/coffret-decouverte\/coffret-decouverte-vin-mas-ricardenque\/#primaryimage"},"thumbnailUrl":"https:\/\/masricardenque.fr\/wp-content\/uploads\/2023\/03\/cofrret-decouverte.jpg","datePublished":"2022-12-19T18:44:26+00:00","dateModified":"2024-12-12T14:47:37+00:00","description":"Cr\u00e9ez votre assortiment sur mesure pour d\u00e9couvrir les diff\u00e9rentes cuv\u00e9es de vins du Mas Ricardenque.","breadcrumb":{"@id":"https:\/\/masricardenque.fr\/boutique\/coffret-decouverte\/coffret-decouverte-vin-mas-ricardenque\/#breadcrumb"},"inLanguage":"en-GB","potentialAction":[{"@type":"ReadAction","target":["https:\/\/masricardenque.fr\/boutique\/coffret-decouverte\/coffret-decouverte-vin-mas-ricardenque\/"]}]},{"@type":"ImageObject","inLanguage":"en-GB","@id":"https:\/\/masricardenque.fr\/boutique\/coffret-decouverte\/coffret-decouverte-vin-mas-ricardenque\/#primaryimage","url":"https:\/\/masricardenque.fr\/wp-content\/uploads\/2023\/03\/cofrret-decouverte.jpg","contentUrl":"https:\/\/masricardenque.fr\/wp-content\/uploads\/2023\/03\/cofrret-decouverte.jpg","width":2048,"height":1365},{"@type":"BreadcrumbList","@id":"https:\/\/masricardenque.fr\/boutique\/coffret-decouverte\/coffret-decouverte-vin-mas-ricardenque\/#breadcrumb","itemListElement":[{"@type":"ListItem","position":1,"name":"Accueil","item":"https:\/\/masricardenque.fr\/"},{"@type":"ListItem","position":2,"name":"Boutique","item":"https:\/\/masricardenque.fr\/boutique-2\/"},{"@type":"ListItem","position":3,"name":"Coffret d\u00e9couverte"}]},{"@type":"WebSite","@id":"https:\/\/masricardenque.fr\/#website","url":"https:\/\/masricardenque.fr\/","name":"www.masricardenque.fr","description":"Wine and rosa centifolia organic producer in Callian","publisher":{"@id":"https:\/\/masricardenque.fr\/#organization"},"potentialAction":[{"@type":"SearchAction","target":{"@type":"EntryPoint","urlTemplate":"https:\/\/masricardenque.fr\/?s={search_term_string}"},"query-input":{"@type":"PropertyValueSpecification","valueRequired":true,"valueName":"search_term_string"}}],"inLanguage":"en-GB"},{"@type":"Organization","@id":"https:\/\/masricardenque.fr\/#organization","name":"www.masricardenque.fr","url":"https:\/\/masricardenque.fr\/","logo":{"@type":"ImageObject","inLanguage":"en-GB","@id":"https:\/\/masricardenque.fr\/#\/schema\/logo\/image\/","url":"https:\/\/masricardenque.fr\/wp-content\/uploads\/2022\/06\/cropped-Logo-mas-ricardenque-noir.png","contentUrl":"https:\/\/masricardenque.fr\/wp-content\/uploads\/2022\/06\/cropped-Logo-mas-ricardenque-noir.png","width":890,"height":418,"caption":"www.masricardenque.fr"},"image":{"@id":"https:\/\/masricardenque.fr\/#\/schema\/logo\/image\/"},"sameAs":["https:\/\/www.facebook.com\/profile.php?id=100054311390282"]}]}},"_links":{"self":[{"href":"https:\/\/masricardenque.fr\/en\/wp-json\/wp\/v2\/product\/2785","targetHints":{"allow":["GET"]}}],"collection":[{"href":"https:\/\/masricardenque.fr\/en\/wp-json\/wp\/v2\/product"}],"about":[{"href":"https:\/\/masricardenque.fr\/en\/wp-json\/wp\/v2\/types\/product"}],"replies":[{"embeddable":true,"href":"https:\/\/masricardenque.fr\/en\/wp-json\/wp\/v2\/comments?post=2785"}],"wp:featuredmedia":[{"embeddable":true,"href":"https:\/\/masricardenque.fr\/en\/wp-json\/wp\/v2\/media\/3070"}],"wp:attachment":[{"href":"https:\/\/masricardenque.fr\/en\/wp-json\/wp\/v2\/media?parent=2785"}],"wp:term":[{"taxonomy":"product_brand","embeddable":true,"href":"https:\/\/masricardenque.fr\/en\/wp-json\/wp\/v2\/product_brand?post=2785"},{"taxonomy":"product_cat","embeddable":true,"href":"https:\/\/masricardenque.fr\/en\/wp-json\/wp\/v2\/product_cat?post=2785"},{"taxonomy":"product_tag","embeddable":true,"href":"https:\/\/masricardenque.fr\/en\/wp-json\/wp\/v2\/product_tag?post=2785"}],"curies":[{"name":"wp","href":"https:\/\/api.w.org\/{rel}","templated":true}]}}