{"id":2188,"date":"2022-08-12T17:24:05","date_gmt":"2022-08-12T15:24:05","guid":{"rendered":"https:\/\/masricardenque.fr\/?post_type=product&#038;p=2188"},"modified":"2026-03-29T17:03:06","modified_gmt":"2026-03-29T15:03:06","slug":"cuvee-2023-rose-grenache-cinsault-mas-ricardenque","status":"publish","type":"product","link":"https:\/\/masricardenque.fr\/en\/boutique\/rose\/cuvee-2023-rose-grenache-cinsault-mas-ricardenque\/","title":{"rendered":"6 x Cuv\u00e9e Ros\u00e9 2025"},"content":{"rendered":"<p class=\"cvGsUA direction-ltr align-start para-style-body\"><span class=\"a_GcMg font-feature-liga-off font-feature-clig-off font-feature-calt-off text-decoration-none text-strikethrough-none\">The nose opens with fresh red fruits, with hints of raspberry.<\/span><\/p>\n<p class=\"cvGsUA direction-ltr align-start para-style-body\"><span class=\"a_GcMg font-feature-liga-off font-feature-clig-off font-feature-calt-off text-decoration-none text-strikethrough-none\">La bouche est vive et fruit\u00e9e, d\u2019une fra\u00eecheur d\u00e9licate.<\/span><\/p>","protected":false},"excerpt":{"rendered":"<p>Le nez s\u2019ouvre sur des fruits rouges frais, avec des nuances de framboise. La bouche est vive et fruit\u00e9e, d\u2019une fra\u00eecheur d\u00e9licate.<\/p>","protected":false},"featured_media":3125,"comment_status":"closed","ping_status":"closed","template":"","meta":{"site-sidebar-layout":"default","site-content-layout":"default","ast-site-content-layout":"default","site-content-style":"default","site-sidebar-style":"default","ast-global-header-display":"","ast-banner-title-visibility":"","ast-main-header-display":"","ast-hfb-above-header-display":"","ast-hfb-below-header-display":"","ast-hfb-mobile-header-display":"","site-post-title":"","ast-breadcrumbs-content":"","ast-featured-img":"","footer-sml-layout":"","ast-disable-related-posts":"","theme-transparent-header-meta":"default","adv-header-id-meta":"","stick-header-meta":"","header-above-stick-meta":"","header-main-stick-meta":"","header-below-stick-meta":"","astra-migrate-meta-layouts":"set","ast-page-background-enabled":"default","ast-page-background-meta":{"desktop":{"background-color":"var(--ast-global-color-4)","background-image":"","background-repeat":"repeat","background-position":"center center","background-size":"auto","background-attachment":"scroll","background-type":"","background-media":"","overlay-type":"","overlay-color":"","overlay-opacity":"","overlay-gradient":""},"tablet":{"background-color":"","background-image":"","background-repeat":"repeat","background-position":"center center","background-size":"auto","background-attachment":"scroll","background-type":"","background-media":"","overlay-type":"","overlay-color":"","overlay-opacity":"","overlay-gradient":""},"mobile":{"background-color":"","background-image":"","background-repeat":"repeat","background-position":"center center","background-size":"auto","background-attachment":"scroll","background-type":"","background-media":"","overlay-type":"","overlay-color":"","overlay-opacity":"","overlay-gradient":""}},"ast-content-background-meta":{"desktop":{"background-color":"var(--ast-global-color-5)","background-image":"","background-repeat":"repeat","background-position":"center center","background-size":"auto","background-attachment":"scroll","background-type":"","background-media":"","overlay-type":"","overlay-color":"","overlay-opacity":"","overlay-gradient":""},"tablet":{"background-color":"var(--ast-global-color-5)","background-image":"","background-repeat":"repeat","background-position":"center center","background-size":"auto","background-attachment":"scroll","background-type":"","background-media":"","overlay-type":"","overlay-color":"","overlay-opacity":"","overlay-gradient":""},"mobile":{"background-color":"var(--ast-global-color-5)","background-image":"","background-repeat":"repeat","background-position":"center center","background-size":"auto","background-attachment":"scroll","background-type":"","background-media":"","overlay-type":"","overlay-color":"","overlay-opacity":"","overlay-gradient":""}}},"product_brand":[],"product_cat":[20],"product_tag":[],"class_list":{"0":"post-2188","1":"product","2":"type-product","3":"status-publish","4":"has-post-thumbnail","6":"product_cat-rose","7":"desktop-align-left","8":"tablet-align-left","9":"mobile-align-left","11":"first","12":"instock","13":"taxable","14":"shipping-taxable","15":"purchasable","16":"product-type-simple"},"yoast_head":"<!-- This site is optimized with the Yoast SEO plugin v27.4 - https:\/\/yoast.com\/product\/yoast-seo-wordpress\/ -->\n<title>6 x Cuv\u00e9e Ros\u00e9 2025 - Vin Ros\u00e9 - Domaine Mas Ricardenque (Callian , Var)<\/title>\n<meta name=\"description\" content=\"Un vin ros\u00e9 s\u00e9duisant aux ar\u00f4mes envo\u00fbtants de fruits exotiques et de p\u00eache, agr\u00e9ment\u00e9s de d\u00e9licates notes florales de seringa et de fleur de sureau. Sa douceur miell\u00e9e ajoute une touche subtile de complexit\u00e9, cr\u00e9ant un \u00e9quilibre parfait entre fra\u00eecheur et rondeur.\" \/>\n<meta name=\"robots\" content=\"index, follow, max-snippet:-1, max-image-preview:large, max-video-preview:-1\" \/>\n<link rel=\"canonical\" href=\"https:\/\/masricardenque.fr\/en\/boutique\/rose\/cuvee-2023-rose-grenache-cinsault-mas-ricardenque\/\" \/>\n<meta property=\"og:locale\" content=\"en_GB\" \/>\n<meta property=\"og:type\" content=\"article\" \/>\n<meta property=\"og:title\" content=\"6 x Cuv\u00e9e 2021 Corail\" \/>\n<meta property=\"og:description\" content=\"Vin \u00e0 le robe rose ensoleill\u00e9e avec une note fraiche de pamplemousse et de magnolia citronn\u00e9 sur un fond \u00e9pic\u00e9 min\u00e9ral.\" \/>\n<meta property=\"og:url\" content=\"https:\/\/masricardenque.fr\/en\/boutique\/rose\/cuvee-2023-rose-grenache-cinsault-mas-ricardenque\/\" \/>\n<meta property=\"og:site_name\" content=\"Mas Ricardenque\" \/>\n<meta property=\"article:publisher\" content=\"https:\/\/www.facebook.com\/profile.php?id=100054311390282\" \/>\n<meta property=\"article:modified_time\" content=\"2026-03-29T15:03:06+00:00\" \/>\n<meta property=\"og:image\" content=\"https:\/\/masricardenque.fr\/wp-content\/uploads\/2022\/08\/DSC07002.jpg\" \/>\n\t<meta property=\"og:image:width\" content=\"2048\" \/>\n\t<meta property=\"og:image:height\" content=\"1365\" \/>\n\t<meta property=\"og:image:type\" content=\"image\/jpeg\" \/>\n<meta name=\"twitter:card\" content=\"summary_large_image\" \/>\n<meta name=\"twitter:title\" content=\"6 x Cuv\u00e9e 2021 Corail\" \/>\n<meta name=\"twitter:description\" content=\"Vin \u00e0 le robe rose ensoleill\u00e9e avec une note fraiche de pamplemousse et de magnolia citronn\u00e9 sur un fond \u00e9pic\u00e9 min\u00e9ral.\" \/>\n<meta name=\"twitter:image\" content=\"https:\/\/masricardenque.fr\/wp-content\/uploads\/2022\/08\/DSC07002.jpg\" \/>\n<meta name=\"twitter:label1\" content=\"Estimated reading time\" \/>\n\t<meta name=\"twitter:data1\" content=\"1 minute\" \/>\n<script type=\"application\/ld+json\" class=\"yoast-schema-graph\">{\"@context\":\"https:\\\/\\\/schema.org\",\"@graph\":[{\"@type\":\"WebPage\",\"@id\":\"https:\\\/\\\/masricardenque.fr\\\/boutique\\\/rose\\\/cuvee-2023-rose-grenache-cinsault-mas-ricardenque\\\/\",\"url\":\"https:\\\/\\\/masricardenque.fr\\\/boutique\\\/rose\\\/cuvee-2023-rose-grenache-cinsault-mas-ricardenque\\\/\",\"name\":\"6 x Cuv\u00e9e Ros\u00e9 2025 - Vin Ros\u00e9 - Domaine Mas Ricardenque (Callian , Var)\",\"isPartOf\":{\"@id\":\"https:\\\/\\\/masricardenque.fr\\\/#website\"},\"primaryImageOfPage\":{\"@id\":\"https:\\\/\\\/masricardenque.fr\\\/boutique\\\/rose\\\/cuvee-2023-rose-grenache-cinsault-mas-ricardenque\\\/#primaryimage\"},\"image\":{\"@id\":\"https:\\\/\\\/masricardenque.fr\\\/boutique\\\/rose\\\/cuvee-2023-rose-grenache-cinsault-mas-ricardenque\\\/#primaryimage\"},\"thumbnailUrl\":\"https:\\\/\\\/masricardenque.fr\\\/wp-content\\\/uploads\\\/2022\\\/09\\\/crystal-1.png\",\"datePublished\":\"2022-08-12T15:24:05+00:00\",\"dateModified\":\"2026-03-29T15:03:06+00:00\",\"description\":\"Un vin ros\u00e9 s\u00e9duisant aux ar\u00f4mes envo\u00fbtants de fruits exotiques et de p\u00eache, agr\u00e9ment\u00e9s de d\u00e9licates notes florales de seringa et de fleur de sureau. Sa douceur miell\u00e9e ajoute une touche subtile de complexit\u00e9, cr\u00e9ant un \u00e9quilibre parfait entre fra\u00eecheur et rondeur.\",\"breadcrumb\":{\"@id\":\"https:\\\/\\\/masricardenque.fr\\\/boutique\\\/rose\\\/cuvee-2023-rose-grenache-cinsault-mas-ricardenque\\\/#breadcrumb\"},\"inLanguage\":\"en-GB\",\"potentialAction\":[{\"@type\":\"ReadAction\",\"target\":[\"https:\\\/\\\/masricardenque.fr\\\/boutique\\\/rose\\\/cuvee-2023-rose-grenache-cinsault-mas-ricardenque\\\/\"]}]},{\"@type\":\"ImageObject\",\"inLanguage\":\"en-GB\",\"@id\":\"https:\\\/\\\/masricardenque.fr\\\/boutique\\\/rose\\\/cuvee-2023-rose-grenache-cinsault-mas-ricardenque\\\/#primaryimage\",\"url\":\"https:\\\/\\\/masricardenque.fr\\\/wp-content\\\/uploads\\\/2022\\\/09\\\/crystal-1.png\",\"contentUrl\":\"https:\\\/\\\/masricardenque.fr\\\/wp-content\\\/uploads\\\/2022\\\/09\\\/crystal-1.png\",\"width\":1365,\"height\":1365},{\"@type\":\"BreadcrumbList\",\"@id\":\"https:\\\/\\\/masricardenque.fr\\\/boutique\\\/rose\\\/cuvee-2023-rose-grenache-cinsault-mas-ricardenque\\\/#breadcrumb\",\"itemListElement\":[{\"@type\":\"ListItem\",\"position\":1,\"name\":\"Accueil\",\"item\":\"https:\\\/\\\/masricardenque.fr\\\/\"},{\"@type\":\"ListItem\",\"position\":2,\"name\":\"Boutique\",\"item\":\"https:\\\/\\\/masricardenque.fr\\\/boutique-2\\\/\"},{\"@type\":\"ListItem\",\"position\":3,\"name\":\"6 x Cuv\u00e9e Ros\u00e9 2025\"}]},{\"@type\":\"WebSite\",\"@id\":\"https:\\\/\\\/masricardenque.fr\\\/#website\",\"url\":\"https:\\\/\\\/masricardenque.fr\\\/\",\"name\":\"www.masricardenque.fr\",\"description\":\"Producteur de vins et de roses centifolia biologiques \u00e0 Callian\",\"publisher\":{\"@id\":\"https:\\\/\\\/masricardenque.fr\\\/#organization\"},\"potentialAction\":[{\"@type\":\"SearchAction\",\"target\":{\"@type\":\"EntryPoint\",\"urlTemplate\":\"https:\\\/\\\/masricardenque.fr\\\/?s={search_term_string}\"},\"query-input\":{\"@type\":\"PropertyValueSpecification\",\"valueRequired\":true,\"valueName\":\"search_term_string\"}}],\"inLanguage\":\"en-GB\"},{\"@type\":\"Organization\",\"@id\":\"https:\\\/\\\/masricardenque.fr\\\/#organization\",\"name\":\"www.masricardenque.fr\",\"url\":\"https:\\\/\\\/masricardenque.fr\\\/\",\"logo\":{\"@type\":\"ImageObject\",\"inLanguage\":\"en-GB\",\"@id\":\"https:\\\/\\\/masricardenque.fr\\\/#\\\/schema\\\/logo\\\/image\\\/\",\"url\":\"https:\\\/\\\/masricardenque.fr\\\/wp-content\\\/uploads\\\/2022\\\/06\\\/cropped-Logo-mas-ricardenque-noir.png\",\"contentUrl\":\"https:\\\/\\\/masricardenque.fr\\\/wp-content\\\/uploads\\\/2022\\\/06\\\/cropped-Logo-mas-ricardenque-noir.png\",\"width\":890,\"height\":418,\"caption\":\"www.masricardenque.fr\"},\"image\":{\"@id\":\"https:\\\/\\\/masricardenque.fr\\\/#\\\/schema\\\/logo\\\/image\\\/\"},\"sameAs\":[\"https:\\\/\\\/www.facebook.com\\\/profile.php?id=100054311390282\"]}]}<\/script>\n<!-- \/ Yoast SEO plugin. -->","yoast_head_json":{"title":"6 x Cuv\u00e9e Ros\u00e9 2025 - Vin Ros\u00e9 - Domaine Mas Ricardenque (Callian , Var)","description":"A captivating ros\u00e9 wine with enchanting aromas of exotic fruits and peach, complemented by delicate floral notes of seringa and elderflower. Its honeyed sweetness adds a subtle touch of complexity, creating a perfect balance between freshness and roundness.","robots":{"index":"index","follow":"follow","max-snippet":"max-snippet:-1","max-image-preview":"max-image-preview:large","max-video-preview":"max-video-preview:-1"},"canonical":"https:\/\/masricardenque.fr\/en\/boutique\/rose\/cuvee-2023-rose-grenache-cinsault-mas-ricardenque\/","og_locale":"en_GB","og_type":"article","og_title":"6 x Cuv\u00e9e 2021 Corail","og_description":"Vin \u00e0 le robe rose ensoleill\u00e9e avec une note fraiche de pamplemousse et de magnolia citronn\u00e9 sur un fond \u00e9pic\u00e9 min\u00e9ral.","og_url":"https:\/\/masricardenque.fr\/en\/boutique\/rose\/cuvee-2023-rose-grenache-cinsault-mas-ricardenque\/","og_site_name":"Mas Ricardenque","article_publisher":"https:\/\/www.facebook.com\/profile.php?id=100054311390282","article_modified_time":"2026-03-29T15:03:06+00:00","og_image":[{"width":2048,"height":1365,"url":"https:\/\/masricardenque.fr\/wp-content\/uploads\/2022\/08\/DSC07002.jpg","type":"image\/jpeg"}],"twitter_card":"summary_large_image","twitter_title":"6 x Cuv\u00e9e 2021 Corail","twitter_description":"Vin \u00e0 le robe rose ensoleill\u00e9e avec une note fraiche de pamplemousse et de magnolia citronn\u00e9 sur un fond \u00e9pic\u00e9 min\u00e9ral.","twitter_image":"https:\/\/masricardenque.fr\/wp-content\/uploads\/2022\/08\/DSC07002.jpg","twitter_misc":{"Estimated reading time":"1 minute"},"schema":{"@context":"https:\/\/schema.org","@graph":[{"@type":"WebPage","@id":"https:\/\/masricardenque.fr\/boutique\/rose\/cuvee-2023-rose-grenache-cinsault-mas-ricardenque\/","url":"https:\/\/masricardenque.fr\/boutique\/rose\/cuvee-2023-rose-grenache-cinsault-mas-ricardenque\/","name":"6 x Cuv\u00e9e Ros\u00e9 2025 - Vin Ros\u00e9 - Domaine Mas Ricardenque (Callian , Var)","isPartOf":{"@id":"https:\/\/masricardenque.fr\/#website"},"primaryImageOfPage":{"@id":"https:\/\/masricardenque.fr\/boutique\/rose\/cuvee-2023-rose-grenache-cinsault-mas-ricardenque\/#primaryimage"},"image":{"@id":"https:\/\/masricardenque.fr\/boutique\/rose\/cuvee-2023-rose-grenache-cinsault-mas-ricardenque\/#primaryimage"},"thumbnailUrl":"https:\/\/masricardenque.fr\/wp-content\/uploads\/2022\/09\/crystal-1.png","datePublished":"2022-08-12T15:24:05+00:00","dateModified":"2026-03-29T15:03:06+00:00","description":"A captivating ros\u00e9 wine with enchanting aromas of exotic fruits and peach, complemented by delicate floral notes of seringa and elderflower. Its honeyed sweetness adds a subtle touch of complexity, creating a perfect balance between freshness and roundness.","breadcrumb":{"@id":"https:\/\/masricardenque.fr\/boutique\/rose\/cuvee-2023-rose-grenache-cinsault-mas-ricardenque\/#breadcrumb"},"inLanguage":"en-GB","potentialAction":[{"@type":"ReadAction","target":["https:\/\/masricardenque.fr\/boutique\/rose\/cuvee-2023-rose-grenache-cinsault-mas-ricardenque\/"]}]},{"@type":"ImageObject","inLanguage":"en-GB","@id":"https:\/\/masricardenque.fr\/boutique\/rose\/cuvee-2023-rose-grenache-cinsault-mas-ricardenque\/#primaryimage","url":"https:\/\/masricardenque.fr\/wp-content\/uploads\/2022\/09\/crystal-1.png","contentUrl":"https:\/\/masricardenque.fr\/wp-content\/uploads\/2022\/09\/crystal-1.png","width":1365,"height":1365},{"@type":"BreadcrumbList","@id":"https:\/\/masricardenque.fr\/boutique\/rose\/cuvee-2023-rose-grenache-cinsault-mas-ricardenque\/#breadcrumb","itemListElement":[{"@type":"ListItem","position":1,"name":"Accueil","item":"https:\/\/masricardenque.fr\/"},{"@type":"ListItem","position":2,"name":"Boutique","item":"https:\/\/masricardenque.fr\/boutique-2\/"},{"@type":"ListItem","position":3,"name":"6 x Cuv\u00e9e Ros\u00e9 2025"}]},{"@type":"WebSite","@id":"https:\/\/masricardenque.fr\/#website","url":"https:\/\/masricardenque.fr\/","name":"www.masricardenque.fr","description":"Wine and rosa centifolia organic producer in Callian","publisher":{"@id":"https:\/\/masricardenque.fr\/#organization"},"potentialAction":[{"@type":"SearchAction","target":{"@type":"EntryPoint","urlTemplate":"https:\/\/masricardenque.fr\/?s={search_term_string}"},"query-input":{"@type":"PropertyValueSpecification","valueRequired":true,"valueName":"search_term_string"}}],"inLanguage":"en-GB"},{"@type":"Organization","@id":"https:\/\/masricardenque.fr\/#organization","name":"www.masricardenque.fr","url":"https:\/\/masricardenque.fr\/","logo":{"@type":"ImageObject","inLanguage":"en-GB","@id":"https:\/\/masricardenque.fr\/#\/schema\/logo\/image\/","url":"https:\/\/masricardenque.fr\/wp-content\/uploads\/2022\/06\/cropped-Logo-mas-ricardenque-noir.png","contentUrl":"https:\/\/masricardenque.fr\/wp-content\/uploads\/2022\/06\/cropped-Logo-mas-ricardenque-noir.png","width":890,"height":418,"caption":"www.masricardenque.fr"},"image":{"@id":"https:\/\/masricardenque.fr\/#\/schema\/logo\/image\/"},"sameAs":["https:\/\/www.facebook.com\/profile.php?id=100054311390282"]}]}},"_links":{"self":[{"href":"https:\/\/masricardenque.fr\/en\/wp-json\/wp\/v2\/product\/2188","targetHints":{"allow":["GET"]}}],"collection":[{"href":"https:\/\/masricardenque.fr\/en\/wp-json\/wp\/v2\/product"}],"about":[{"href":"https:\/\/masricardenque.fr\/en\/wp-json\/wp\/v2\/types\/product"}],"replies":[{"embeddable":true,"href":"https:\/\/masricardenque.fr\/en\/wp-json\/wp\/v2\/comments?post=2188"}],"wp:featuredmedia":[{"embeddable":true,"href":"https:\/\/masricardenque.fr\/en\/wp-json\/wp\/v2\/media\/3125"}],"wp:attachment":[{"href":"https:\/\/masricardenque.fr\/en\/wp-json\/wp\/v2\/media?parent=2188"}],"wp:term":[{"taxonomy":"product_brand","embeddable":true,"href":"https:\/\/masricardenque.fr\/en\/wp-json\/wp\/v2\/product_brand?post=2188"},{"taxonomy":"product_cat","embeddable":true,"href":"https:\/\/masricardenque.fr\/en\/wp-json\/wp\/v2\/product_cat?post=2188"},{"taxonomy":"product_tag","embeddable":true,"href":"https:\/\/masricardenque.fr\/en\/wp-json\/wp\/v2\/product_tag?post=2188"}],"curies":[{"name":"wp","href":"https:\/\/api.w.org\/{rel}","templated":true}]}}