{"id":2183,"date":"2022-08-12T16:56:00","date_gmt":"2022-08-12T14:56:00","guid":{"rendered":"https:\/\/masricardenque.fr\/?post_type=product&#038;p=2183"},"modified":"2026-03-29T17:05:18","modified_gmt":"2026-03-29T15:05:18","slug":"cuvee-2022-elevee-en-fut-de-chene","status":"publish","type":"product","link":"https:\/\/masricardenque.fr\/en\/boutique\/rouge\/cuvee-2022-elevee-en-fut-de-chene\/","title":{"rendered":"6 x 2023 vintage aged in oak barrel"},"content":{"rendered":"<p>With a deep purple hue, this age-worthy red wine reveals a generous nose of stewed plum, enhanced by delicate woody notes. On the palate, its silky tannins create a velvety texture, extending the elegance of its structure.<\/p>","protected":false},"excerpt":{"rendered":"<p>With a deep purple hue, this age-worthy red wine reveals a generous nose of stewed plum, enhanced by delicate woody notes. On the palate, its silky tannins create a velvety texture, extending the elegance of its structure.<\/p>","protected":false},"featured_media":3123,"comment_status":"closed","ping_status":"closed","template":"","meta":{"site-sidebar-layout":"default","site-content-layout":"default","ast-site-content-layout":"default","site-content-style":"default","site-sidebar-style":"default","ast-global-header-display":"","ast-banner-title-visibility":"","ast-main-header-display":"","ast-hfb-above-header-display":"","ast-hfb-below-header-display":"","ast-hfb-mobile-header-display":"","site-post-title":"","ast-breadcrumbs-content":"","ast-featured-img":"","footer-sml-layout":"","ast-disable-related-posts":"","theme-transparent-header-meta":"default","adv-header-id-meta":"","stick-header-meta":"","header-above-stick-meta":"","header-main-stick-meta":"","header-below-stick-meta":"","astra-migrate-meta-layouts":"set","ast-page-background-enabled":"default","ast-page-background-meta":{"desktop":{"background-color":"var(--ast-global-color-4)","background-image":"","background-repeat":"repeat","background-position":"center center","background-size":"auto","background-attachment":"scroll","background-type":"","background-media":"","overlay-type":"","overlay-color":"","overlay-opacity":"","overlay-gradient":""},"tablet":{"background-color":"","background-image":"","background-repeat":"repeat","background-position":"center center","background-size":"auto","background-attachment":"scroll","background-type":"","background-media":"","overlay-type":"","overlay-color":"","overlay-opacity":"","overlay-gradient":""},"mobile":{"background-color":"","background-image":"","background-repeat":"repeat","background-position":"center center","background-size":"auto","background-attachment":"scroll","background-type":"","background-media":"","overlay-type":"","overlay-color":"","overlay-opacity":"","overlay-gradient":""}},"ast-content-background-meta":{"desktop":{"background-color":"var(--ast-global-color-5)","background-image":"","background-repeat":"repeat","background-position":"center center","background-size":"auto","background-attachment":"scroll","background-type":"","background-media":"","overlay-type":"","overlay-color":"","overlay-opacity":"","overlay-gradient":""},"tablet":{"background-color":"var(--ast-global-color-5)","background-image":"","background-repeat":"repeat","background-position":"center center","background-size":"auto","background-attachment":"scroll","background-type":"","background-media":"","overlay-type":"","overlay-color":"","overlay-opacity":"","overlay-gradient":""},"mobile":{"background-color":"var(--ast-global-color-5)","background-image":"","background-repeat":"repeat","background-position":"center center","background-size":"auto","background-attachment":"scroll","background-type":"","background-media":"","overlay-type":"","overlay-color":"","overlay-opacity":"","overlay-gradient":""}}},"product_brand":[],"product_cat":[19],"product_tag":[],"class_list":{"0":"post-2183","1":"product","2":"type-product","3":"status-publish","4":"has-post-thumbnail","6":"product_cat-rouge","7":"desktop-align-left","8":"tablet-align-left","9":"mobile-align-left","11":"first","12":"outofstock","13":"taxable","14":"shipping-taxable","15":"purchasable","16":"product-type-simple"},"yoast_head":"<!-- This site is optimized with the Yoast SEO plugin v27.4 - https:\/\/yoast.com\/product\/yoast-seo-wordpress\/ -->\n<title>6 x Cuv\u00e9e 2023 \u00e9lev\u00e9e en f\u00fbt de ch\u00eane - Mas Ricardenque<\/title>\n<meta name=\"description\" content=\"D&#039;une robe pourpre profonde, ce vin rouge de garde d\u00e9voile un nez g\u00e9n\u00e9reux de prune confite, relev\u00e9 par de d\u00e9licates notes bois\u00e9es.\" \/>\n<meta name=\"robots\" content=\"index, follow, max-snippet:-1, max-image-preview:large, max-video-preview:-1\" \/>\n<link rel=\"canonical\" href=\"https:\/\/masricardenque.fr\/en\/boutique\/rouge\/cuvee-2022-elevee-en-fut-de-chene\/\" \/>\n<meta property=\"og:locale\" content=\"en_GB\" \/>\n<meta property=\"og:type\" content=\"article\" \/>\n<meta property=\"og:title\" content=\"6 x Cuv\u00e9e 2021 \u00e9lev\u00e9e en f\u00fbt de ch\u00eane - Mas Ricardenque\" \/>\n<meta property=\"og:description\" content=\"Vin puissant \u00e0 la robe pourpre avec des notes de poivre blanc et de prune suivi d\u2019une note de cuir et de bois.\" \/>\n<meta property=\"og:url\" content=\"https:\/\/masricardenque.fr\/en\/boutique\/rouge\/cuvee-2022-elevee-en-fut-de-chene\/\" \/>\n<meta property=\"og:site_name\" content=\"Mas Ricardenque\" \/>\n<meta property=\"article:publisher\" content=\"https:\/\/www.facebook.com\/profile.php?id=100054311390282\" \/>\n<meta property=\"article:modified_time\" content=\"2026-03-29T15:05:18+00:00\" \/>\n<meta property=\"og:image\" content=\"https:\/\/masricardenque.fr\/wp-content\/uploads\/2022\/08\/rouge-fut-de-chene.png\" \/>\n\t<meta property=\"og:image:width\" content=\"1365\" \/>\n\t<meta property=\"og:image:height\" content=\"1365\" \/>\n\t<meta property=\"og:image:type\" content=\"image\/png\" \/>\n<meta name=\"twitter:card\" content=\"summary_large_image\" \/>\n<meta name=\"twitter:title\" content=\"6 x Cuv\u00e9e 2021 \u00e9lev\u00e9e en f\u00fbt de ch\u00eane - Mas Ricardenque\" \/>\n<meta name=\"twitter:description\" content=\"Vin puissant \u00e0 la robe pourpre avec des notes de poivre blanc et de prune suivi d\u2019une note de cuir et de bois.\" \/>\n<meta name=\"twitter:image\" content=\"https:\/\/masricardenque.fr\/wp-content\/uploads\/2022\/08\/rouge-fut-de-chene.png\" \/>\n<meta name=\"twitter:label1\" content=\"Estimated reading time\" \/>\n\t<meta name=\"twitter:data1\" content=\"1 minute\" \/>\n<script type=\"application\/ld+json\" class=\"yoast-schema-graph\">{\"@context\":\"https:\\\/\\\/schema.org\",\"@graph\":[{\"@type\":\"WebPage\",\"@id\":\"https:\\\/\\\/masricardenque.fr\\\/boutique\\\/rouge\\\/cuvee-2022-elevee-en-fut-de-chene\\\/\",\"url\":\"https:\\\/\\\/masricardenque.fr\\\/boutique\\\/rouge\\\/cuvee-2022-elevee-en-fut-de-chene\\\/\",\"name\":\"6 x Cuv\u00e9e 2023 \u00e9lev\u00e9e en f\u00fbt de ch\u00eane - Mas Ricardenque\",\"isPartOf\":{\"@id\":\"https:\\\/\\\/masricardenque.fr\\\/#website\"},\"primaryImageOfPage\":{\"@id\":\"https:\\\/\\\/masricardenque.fr\\\/boutique\\\/rouge\\\/cuvee-2022-elevee-en-fut-de-chene\\\/#primaryimage\"},\"image\":{\"@id\":\"https:\\\/\\\/masricardenque.fr\\\/boutique\\\/rouge\\\/cuvee-2022-elevee-en-fut-de-chene\\\/#primaryimage\"},\"thumbnailUrl\":\"https:\\\/\\\/masricardenque.fr\\\/wp-content\\\/uploads\\\/2022\\\/09\\\/rouge-fut-de-chene.png\",\"datePublished\":\"2022-08-12T14:56:00+00:00\",\"dateModified\":\"2026-03-29T15:05:18+00:00\",\"description\":\"D'une robe pourpre profonde, ce vin rouge de garde d\u00e9voile un nez g\u00e9n\u00e9reux de prune confite, relev\u00e9 par de d\u00e9licates notes bois\u00e9es.\",\"breadcrumb\":{\"@id\":\"https:\\\/\\\/masricardenque.fr\\\/boutique\\\/rouge\\\/cuvee-2022-elevee-en-fut-de-chene\\\/#breadcrumb\"},\"inLanguage\":\"en-GB\",\"potentialAction\":[{\"@type\":\"ReadAction\",\"target\":[\"https:\\\/\\\/masricardenque.fr\\\/boutique\\\/rouge\\\/cuvee-2022-elevee-en-fut-de-chene\\\/\"]}]},{\"@type\":\"ImageObject\",\"inLanguage\":\"en-GB\",\"@id\":\"https:\\\/\\\/masricardenque.fr\\\/boutique\\\/rouge\\\/cuvee-2022-elevee-en-fut-de-chene\\\/#primaryimage\",\"url\":\"https:\\\/\\\/masricardenque.fr\\\/wp-content\\\/uploads\\\/2022\\\/09\\\/rouge-fut-de-chene.png\",\"contentUrl\":\"https:\\\/\\\/masricardenque.fr\\\/wp-content\\\/uploads\\\/2022\\\/09\\\/rouge-fut-de-chene.png\",\"width\":1365,\"height\":1365},{\"@type\":\"BreadcrumbList\",\"@id\":\"https:\\\/\\\/masricardenque.fr\\\/boutique\\\/rouge\\\/cuvee-2022-elevee-en-fut-de-chene\\\/#breadcrumb\",\"itemListElement\":[{\"@type\":\"ListItem\",\"position\":1,\"name\":\"Accueil\",\"item\":\"https:\\\/\\\/masricardenque.fr\\\/\"},{\"@type\":\"ListItem\",\"position\":2,\"name\":\"Boutique\",\"item\":\"https:\\\/\\\/masricardenque.fr\\\/boutique-2\\\/\"},{\"@type\":\"ListItem\",\"position\":3,\"name\":\"6 x Cuv\u00e9e 2023 \u00e9lev\u00e9e en f\u00fbt de ch\u00eane\"}]},{\"@type\":\"WebSite\",\"@id\":\"https:\\\/\\\/masricardenque.fr\\\/#website\",\"url\":\"https:\\\/\\\/masricardenque.fr\\\/\",\"name\":\"www.masricardenque.fr\",\"description\":\"Producteur de vins et de roses centifolia biologiques \u00e0 Callian\",\"publisher\":{\"@id\":\"https:\\\/\\\/masricardenque.fr\\\/#organization\"},\"potentialAction\":[{\"@type\":\"SearchAction\",\"target\":{\"@type\":\"EntryPoint\",\"urlTemplate\":\"https:\\\/\\\/masricardenque.fr\\\/?s={search_term_string}\"},\"query-input\":{\"@type\":\"PropertyValueSpecification\",\"valueRequired\":true,\"valueName\":\"search_term_string\"}}],\"inLanguage\":\"en-GB\"},{\"@type\":\"Organization\",\"@id\":\"https:\\\/\\\/masricardenque.fr\\\/#organization\",\"name\":\"www.masricardenque.fr\",\"url\":\"https:\\\/\\\/masricardenque.fr\\\/\",\"logo\":{\"@type\":\"ImageObject\",\"inLanguage\":\"en-GB\",\"@id\":\"https:\\\/\\\/masricardenque.fr\\\/#\\\/schema\\\/logo\\\/image\\\/\",\"url\":\"https:\\\/\\\/masricardenque.fr\\\/wp-content\\\/uploads\\\/2022\\\/06\\\/cropped-Logo-mas-ricardenque-noir.png\",\"contentUrl\":\"https:\\\/\\\/masricardenque.fr\\\/wp-content\\\/uploads\\\/2022\\\/06\\\/cropped-Logo-mas-ricardenque-noir.png\",\"width\":890,\"height\":418,\"caption\":\"www.masricardenque.fr\"},\"image\":{\"@id\":\"https:\\\/\\\/masricardenque.fr\\\/#\\\/schema\\\/logo\\\/image\\\/\"},\"sameAs\":[\"https:\\\/\\\/www.facebook.com\\\/profile.php?id=100054311390282\"]}]}<\/script>\n<!-- \/ Yoast SEO plugin. -->","yoast_head_json":{"title":"6 x Cuv\u00e9e 2023 \u00e9lev\u00e9e en f\u00fbt de ch\u00eane - Mas Ricardenque","description":"D'une robe pourpre profonde, ce vin rouge de garde d\u00e9voile un nez g\u00e9n\u00e9reux de prune confite, relev\u00e9 par de d\u00e9licates notes bois\u00e9es.","robots":{"index":"index","follow":"follow","max-snippet":"max-snippet:-1","max-image-preview":"max-image-preview:large","max-video-preview":"max-video-preview:-1"},"canonical":"https:\/\/masricardenque.fr\/en\/boutique\/rouge\/cuvee-2022-elevee-en-fut-de-chene\/","og_locale":"en_GB","og_type":"article","og_title":"6 x Cuv\u00e9e 2021 \u00e9lev\u00e9e en f\u00fbt de ch\u00eane - Mas Ricardenque","og_description":"Vin puissant \u00e0 la robe pourpre avec des notes de poivre blanc et de prune suivi d\u2019une note de cuir et de bois.","og_url":"https:\/\/masricardenque.fr\/en\/boutique\/rouge\/cuvee-2022-elevee-en-fut-de-chene\/","og_site_name":"Mas Ricardenque","article_publisher":"https:\/\/www.facebook.com\/profile.php?id=100054311390282","article_modified_time":"2026-03-29T15:05:18+00:00","og_image":[{"width":1365,"height":1365,"url":"https:\/\/masricardenque.fr\/wp-content\/uploads\/2022\/08\/rouge-fut-de-chene.png","type":"image\/png"}],"twitter_card":"summary_large_image","twitter_title":"6 x Cuv\u00e9e 2021 \u00e9lev\u00e9e en f\u00fbt de ch\u00eane - Mas Ricardenque","twitter_description":"Vin puissant \u00e0 la robe pourpre avec des notes de poivre blanc et de prune suivi d\u2019une note de cuir et de bois.","twitter_image":"https:\/\/masricardenque.fr\/wp-content\/uploads\/2022\/08\/rouge-fut-de-chene.png","twitter_misc":{"Estimated reading time":"1 minute"},"schema":{"@context":"https:\/\/schema.org","@graph":[{"@type":"WebPage","@id":"https:\/\/masricardenque.fr\/boutique\/rouge\/cuvee-2022-elevee-en-fut-de-chene\/","url":"https:\/\/masricardenque.fr\/boutique\/rouge\/cuvee-2022-elevee-en-fut-de-chene\/","name":"6 x Cuv\u00e9e 2023 \u00e9lev\u00e9e en f\u00fbt de ch\u00eane - Mas Ricardenque","isPartOf":{"@id":"https:\/\/masricardenque.fr\/#website"},"primaryImageOfPage":{"@id":"https:\/\/masricardenque.fr\/boutique\/rouge\/cuvee-2022-elevee-en-fut-de-chene\/#primaryimage"},"image":{"@id":"https:\/\/masricardenque.fr\/boutique\/rouge\/cuvee-2022-elevee-en-fut-de-chene\/#primaryimage"},"thumbnailUrl":"https:\/\/masricardenque.fr\/wp-content\/uploads\/2022\/09\/rouge-fut-de-chene.png","datePublished":"2022-08-12T14:56:00+00:00","dateModified":"2026-03-29T15:05:18+00:00","description":"D'une robe pourpre profonde, ce vin rouge de garde d\u00e9voile un nez g\u00e9n\u00e9reux de prune confite, relev\u00e9 par de d\u00e9licates notes bois\u00e9es.","breadcrumb":{"@id":"https:\/\/masricardenque.fr\/boutique\/rouge\/cuvee-2022-elevee-en-fut-de-chene\/#breadcrumb"},"inLanguage":"en-GB","potentialAction":[{"@type":"ReadAction","target":["https:\/\/masricardenque.fr\/boutique\/rouge\/cuvee-2022-elevee-en-fut-de-chene\/"]}]},{"@type":"ImageObject","inLanguage":"en-GB","@id":"https:\/\/masricardenque.fr\/boutique\/rouge\/cuvee-2022-elevee-en-fut-de-chene\/#primaryimage","url":"https:\/\/masricardenque.fr\/wp-content\/uploads\/2022\/09\/rouge-fut-de-chene.png","contentUrl":"https:\/\/masricardenque.fr\/wp-content\/uploads\/2022\/09\/rouge-fut-de-chene.png","width":1365,"height":1365},{"@type":"BreadcrumbList","@id":"https:\/\/masricardenque.fr\/boutique\/rouge\/cuvee-2022-elevee-en-fut-de-chene\/#breadcrumb","itemListElement":[{"@type":"ListItem","position":1,"name":"Accueil","item":"https:\/\/masricardenque.fr\/"},{"@type":"ListItem","position":2,"name":"Boutique","item":"https:\/\/masricardenque.fr\/boutique-2\/"},{"@type":"ListItem","position":3,"name":"6 x Cuv\u00e9e 2023 \u00e9lev\u00e9e en f\u00fbt de ch\u00eane"}]},{"@type":"WebSite","@id":"https:\/\/masricardenque.fr\/#website","url":"https:\/\/masricardenque.fr\/","name":"www.masricardenque.fr","description":"Wine and rosa centifolia organic producer in Callian","publisher":{"@id":"https:\/\/masricardenque.fr\/#organization"},"potentialAction":[{"@type":"SearchAction","target":{"@type":"EntryPoint","urlTemplate":"https:\/\/masricardenque.fr\/?s={search_term_string}"},"query-input":{"@type":"PropertyValueSpecification","valueRequired":true,"valueName":"search_term_string"}}],"inLanguage":"en-GB"},{"@type":"Organization","@id":"https:\/\/masricardenque.fr\/#organization","name":"www.masricardenque.fr","url":"https:\/\/masricardenque.fr\/","logo":{"@type":"ImageObject","inLanguage":"en-GB","@id":"https:\/\/masricardenque.fr\/#\/schema\/logo\/image\/","url":"https:\/\/masricardenque.fr\/wp-content\/uploads\/2022\/06\/cropped-Logo-mas-ricardenque-noir.png","contentUrl":"https:\/\/masricardenque.fr\/wp-content\/uploads\/2022\/06\/cropped-Logo-mas-ricardenque-noir.png","width":890,"height":418,"caption":"www.masricardenque.fr"},"image":{"@id":"https:\/\/masricardenque.fr\/#\/schema\/logo\/image\/"},"sameAs":["https:\/\/www.facebook.com\/profile.php?id=100054311390282"]}]}},"_links":{"self":[{"href":"https:\/\/masricardenque.fr\/en\/wp-json\/wp\/v2\/product\/2183","targetHints":{"allow":["GET"]}}],"collection":[{"href":"https:\/\/masricardenque.fr\/en\/wp-json\/wp\/v2\/product"}],"about":[{"href":"https:\/\/masricardenque.fr\/en\/wp-json\/wp\/v2\/types\/product"}],"replies":[{"embeddable":true,"href":"https:\/\/masricardenque.fr\/en\/wp-json\/wp\/v2\/comments?post=2183"}],"wp:featuredmedia":[{"embeddable":true,"href":"https:\/\/masricardenque.fr\/en\/wp-json\/wp\/v2\/media\/3123"}],"wp:attachment":[{"href":"https:\/\/masricardenque.fr\/en\/wp-json\/wp\/v2\/media?parent=2183"}],"wp:term":[{"taxonomy":"product_brand","embeddable":true,"href":"https:\/\/masricardenque.fr\/en\/wp-json\/wp\/v2\/product_brand?post=2183"},{"taxonomy":"product_cat","embeddable":true,"href":"https:\/\/masricardenque.fr\/en\/wp-json\/wp\/v2\/product_cat?post=2183"},{"taxonomy":"product_tag","embeddable":true,"href":"https:\/\/masricardenque.fr\/en\/wp-json\/wp\/v2\/product_tag?post=2183"}],"curies":[{"name":"wp","href":"https:\/\/api.w.org\/{rel}","templated":true}]}}