{"id":3519,"date":"2026-02-18T15:18:04","date_gmt":"2026-02-18T14:18:04","guid":{"rendered":"https:\/\/masricardenque.fr\/?page_id=3519"},"modified":"2026-02-18T19:08:51","modified_gmt":"2026-02-18T18:08:51","slug":"qrc-rose-wine","status":"publish","type":"page","link":"https:\/\/masricardenque.fr\/en\/qrc-rose-wine\/","title":{"rendered":"QRC ros\u00e9 wine"},"content":{"rendered":"<div data-elementor-type=\"wp-page\" data-elementor-id=\"3519\" class=\"elementor elementor-3519\">\n\t\t\t\t<div class=\"elementor-element elementor-element-80f4818 e-flex e-con-boxed e-con e-parent\" data-id=\"80f4818\" data-element_type=\"container\" data-e-type=\"container\">\n\t\t\t\t\t<div class=\"e-con-inner\">\n\t\t\t\t<div class=\"elementor-element elementor-element-de33fb6 elementor-widget elementor-widget-heading\" data-id=\"de33fb6\" data-element_type=\"widget\" data-e-type=\"widget\" data-widget_type=\"heading.default\">\n\t\t\t\t\t<h2 class=\"elementor-heading-title elementor-size-default\">S\u00e9lectionnez le mill\u00e9sime <\/h2>\t\t\t\t<\/div>\n\t\t\t\t<div class=\"elementor-element elementor-element-4adbc9a elementor-widget-divider--view-line elementor-widget elementor-widget-divider\" data-id=\"4adbc9a\" data-element_type=\"widget\" data-e-type=\"widget\" data-widget_type=\"divider.default\">\n\t\t\t\t\t\t\t<div class=\"elementor-divider\">\n\t\t\t<span class=\"elementor-divider-separator\">\n\t\t\t\t\t\t<\/span>\n\t\t<\/div>\n\t\t\t\t\t\t<\/div>\n\t\t\t\t<div class=\"elementor-element elementor-element-a4ed8e6 elementor-widget elementor-widget-n-accordion\" data-id=\"a4ed8e6\" data-element_type=\"widget\" data-e-type=\"widget\" data-settings=\"{&quot;default_state&quot;:&quot;all_collapsed&quot;,&quot;max_items_expended&quot;:&quot;one&quot;,&quot;n_accordion_animation_duration&quot;:{&quot;unit&quot;:&quot;ms&quot;,&quot;size&quot;:400,&quot;sizes&quot;:[]}}\" data-widget_type=\"nested-accordion.default\">\n\t\t\t\t\t\t\t<div class=\"e-n-accordion\" aria-label=\"Accordion. Open links with Enter or Space, close with Escape, and navigate with Arrow Keys\">\n\t\t\t\t\t\t<details id=\"e-n-accordion-item-1720\" class=\"e-n-accordion-item\" >\n\t\t\t\t<summary class=\"e-n-accordion-item-title\" data-accordion-index=\"1\" tabindex=\"0\" aria-expanded=\"false\" aria-controls=\"e-n-accordion-item-1720\" >\n\t\t\t\t\t<span class='e-n-accordion-item-title-header'><div class=\"e-n-accordion-item-title-text\"> 2025 <\/div><\/span>\n\t\t\t\t\t\t\t<span class='e-n-accordion-item-title-icon'>\n\t\t\t<span class='e-opened' ><i aria-hidden=\"true\" class=\"fas fa-glass-cheers\"><\/i><\/span>\n\t\t\t<span class='e-closed'><i aria-hidden=\"true\" class=\"fas fa-wine-bottle\"><\/i><\/span>\n\t\t<\/span>\n\n\t\t\t\t\t\t<\/summary>\n\t\t\t\t<div role=\"region\" aria-labelledby=\"e-n-accordion-item-1720\" class=\"elementor-element elementor-element-c0fcbec e-con-full e-flex e-con e-child\" data-id=\"c0fcbec\" data-element_type=\"container\" data-e-type=\"container\">\n\t\t<div role=\"region\" aria-labelledby=\"e-n-accordion-item-1720\" class=\"elementor-element elementor-element-ad6d9b7 e-flex e-con-boxed e-con e-child\" data-id=\"ad6d9b7\" data-element_type=\"container\" data-e-type=\"container\">\n\t\t\t\t\t<div class=\"e-con-inner\">\n\t\t\t\t<div class=\"elementor-element elementor-element-8c7d894 elementor-widget elementor-widget-heading\" data-id=\"8c7d894\" data-element_type=\"widget\" data-e-type=\"widget\" data-widget_type=\"heading.default\">\n\t\t\t\t\t<h2 class=\"elementor-heading-title elementor-size-default\">Ingr\u00e9dients<\/h2>\t\t\t\t<\/div>\n\t\t\t\t<div class=\"elementor-element elementor-element-ce6a725 elementor-widget elementor-widget-text-editor\" data-id=\"ce6a725\" data-element_type=\"widget\" data-e-type=\"widget\" data-widget_type=\"text-editor.default\">\n\t\t\t\t\t\t\t\t\t<p>raisins, conservateurs (<strong>sulfites<\/strong>), acide m\u00e9tatartrique.<\/p>\t\t\t\t\t\t\t\t<\/div>\n\t\t\t\t<div class=\"elementor-element elementor-element-e6dd8df elementor-widget elementor-widget-heading\" data-id=\"e6dd8df\" data-element_type=\"widget\" data-e-type=\"widget\" data-widget_type=\"heading.default\">\n\t\t\t\t\t<h2 class=\"elementor-heading-title elementor-size-default\">D\u00e9claration nutritionnelle<\/h2>\t\t\t\t<\/div>\n\t\t<div role=\"region\" aria-labelledby=\"e-n-accordion-item-1720\" class=\"elementor-element elementor-element-83b09be e-con-full e-flex e-con e-child\" data-id=\"83b09be\" data-element_type=\"container\" data-e-type=\"container\" data-settings=\"{&quot;background_background&quot;:&quot;classic&quot;}\">\n\t\t<div role=\"region\" aria-labelledby=\"e-n-accordion-item-1720\" class=\"elementor-element elementor-element-7c387c3 e-con-full e-flex e-con e-child\" data-id=\"7c387c3\" data-element_type=\"container\" data-e-type=\"container\">\n\t\t\t\t<\/div>\n\t\t<div role=\"region\" aria-labelledby=\"e-n-accordion-item-1720\" class=\"elementor-element elementor-element-33a8257 e-con-full e-flex e-con e-child\" data-id=\"33a8257\" data-element_type=\"container\" data-e-type=\"container\">\n\t\t\t\t<div class=\"elementor-element elementor-element-c7dafa2 elementor-widget elementor-widget-heading\" data-id=\"c7dafa2\" data-element_type=\"widget\" data-e-type=\"widget\" data-widget_type=\"heading.default\">\n\t\t\t\t\t<h3 class=\"elementor-heading-title elementor-size-default\">100ml<\/h3>\t\t\t\t<\/div>\n\t\t\t\t<\/div>\n\t\t\t\t<\/div>\n\t\t<div role=\"region\" aria-labelledby=\"e-n-accordion-item-1720\" class=\"elementor-element elementor-element-d0f5928 e-con-full e-flex e-con e-child\" data-id=\"d0f5928\" data-element_type=\"container\" data-e-type=\"container\" data-settings=\"{&quot;background_background&quot;:&quot;classic&quot;}\">\n\t\t<div role=\"region\" aria-labelledby=\"e-n-accordion-item-1720\" class=\"elementor-element elementor-element-d9e2f11 e-con-full e-flex e-con e-child\" data-id=\"d9e2f11\" data-element_type=\"container\" data-e-type=\"container\">\n\t\t\t\t<div class=\"elementor-element elementor-element-802268a elementor-widget elementor-widget-text-editor\" data-id=\"802268a\" data-element_type=\"widget\" data-e-type=\"widget\" data-widget_type=\"text-editor.default\">\n\t\t\t\t\t\t\t\t\t<p>Energie<\/p>\t\t\t\t\t\t\t\t<\/div>\n\t\t\t\t<\/div>\n\t\t<div role=\"region\" aria-labelledby=\"e-n-accordion-item-1720\" class=\"elementor-element elementor-element-9cb8e01 e-con-full e-flex e-con e-child\" data-id=\"9cb8e01\" data-element_type=\"container\" data-e-type=\"container\">\n\t\t\t\t<div class=\"elementor-element elementor-element-481400b elementor-widget elementor-widget-text-editor\" data-id=\"481400b\" data-element_type=\"widget\" data-e-type=\"widget\" data-widget_type=\"text-editor.default\">\n\t\t\t\t\t\t\t\t\t<p>340 kj \/ 82 kcal<\/p>\t\t\t\t\t\t\t\t<\/div>\n\t\t\t\t<\/div>\n\t\t\t\t<\/div>\n\t\t<div role=\"region\" aria-labelledby=\"e-n-accordion-item-1720\" class=\"elementor-element elementor-element-0c549ab e-con-full e-flex e-con e-child\" data-id=\"0c549ab\" data-element_type=\"container\" data-e-type=\"container\" data-settings=\"{&quot;background_background&quot;:&quot;classic&quot;}\">\n\t\t<div role=\"region\" aria-labelledby=\"e-n-accordion-item-1720\" class=\"elementor-element elementor-element-e80dfa4 e-con-full e-flex e-con e-child\" data-id=\"e80dfa4\" data-element_type=\"container\" data-e-type=\"container\">\n\t\t\t\t<div class=\"elementor-element elementor-element-e5c8078 elementor-widget elementor-widget-text-editor\" data-id=\"e5c8078\" data-element_type=\"widget\" data-e-type=\"widget\" data-widget_type=\"text-editor.default\">\n\t\t\t\t\t\t\t\t\t<p>Mati\u00e8res grasses<\/p>\t\t\t\t\t\t\t\t<\/div>\n\t\t\t\t<\/div>\n\t\t<div role=\"region\" aria-labelledby=\"e-n-accordion-item-1720\" class=\"elementor-element elementor-element-4903050 e-con-full e-flex e-con e-child\" data-id=\"4903050\" data-element_type=\"container\" data-e-type=\"container\">\n\t\t\t\t<div class=\"elementor-element elementor-element-11a0d45 elementor-widget elementor-widget-text-editor\" data-id=\"11a0d45\" data-element_type=\"widget\" data-e-type=\"widget\" data-widget_type=\"text-editor.default\">\n\t\t\t\t\t\t\t\t\t<p>0g<\/p>\t\t\t\t\t\t\t\t<\/div>\n\t\t\t\t<\/div>\n\t\t\t\t<\/div>\n\t\t<div role=\"region\" aria-labelledby=\"e-n-accordion-item-1720\" class=\"elementor-element elementor-element-1fed78d e-con-full e-flex e-con e-child\" data-id=\"1fed78d\" data-element_type=\"container\" data-e-type=\"container\" data-settings=\"{&quot;background_background&quot;:&quot;classic&quot;}\">\n\t\t<div role=\"region\" aria-labelledby=\"e-n-accordion-item-1720\" class=\"elementor-element elementor-element-7327e73 e-con-full e-flex e-con e-child\" data-id=\"7327e73\" data-element_type=\"container\" data-e-type=\"container\">\n\t\t\t\t<div class=\"elementor-element elementor-element-b1f0df4 elementor-widget elementor-widget-text-editor\" data-id=\"b1f0df4\" data-element_type=\"widget\" data-e-type=\"widget\" data-widget_type=\"text-editor.default\">\n\t\t\t\t\t\t\t\t\t<p>dont acides gras satur\u00e9s<\/p>\t\t\t\t\t\t\t\t<\/div>\n\t\t\t\t<\/div>\n\t\t<div role=\"region\" aria-labelledby=\"e-n-accordion-item-1720\" class=\"elementor-element elementor-element-be60d50 e-con-full e-flex e-con e-child\" data-id=\"be60d50\" data-element_type=\"container\" data-e-type=\"container\">\n\t\t\t\t<div class=\"elementor-element elementor-element-982008e elementor-widget elementor-widget-text-editor\" data-id=\"982008e\" data-element_type=\"widget\" data-e-type=\"widget\" data-widget_type=\"text-editor.default\">\n\t\t\t\t\t\t\t\t\t<p>0g<\/p>\t\t\t\t\t\t\t\t<\/div>\n\t\t\t\t<\/div>\n\t\t\t\t<\/div>\n\t\t<div role=\"region\" aria-labelledby=\"e-n-accordion-item-1720\" class=\"elementor-element elementor-element-5a4874f e-con-full e-flex e-con e-child\" data-id=\"5a4874f\" data-element_type=\"container\" data-e-type=\"container\" data-settings=\"{&quot;background_background&quot;:&quot;classic&quot;}\">\n\t\t<div role=\"region\" aria-labelledby=\"e-n-accordion-item-1720\" class=\"elementor-element elementor-element-a82c6bc e-con-full e-flex e-con e-child\" data-id=\"a82c6bc\" data-element_type=\"container\" data-e-type=\"container\">\n\t\t\t\t<div class=\"elementor-element elementor-element-6a548a4 elementor-widget elementor-widget-text-editor\" data-id=\"6a548a4\" data-element_type=\"widget\" data-e-type=\"widget\" data-widget_type=\"text-editor.default\">\n\t\t\t\t\t\t\t\t\t<p>Glucides<\/p>\t\t\t\t\t\t\t\t<\/div>\n\t\t\t\t<\/div>\n\t\t<div role=\"region\" aria-labelledby=\"e-n-accordion-item-1720\" class=\"elementor-element elementor-element-6b3b412 e-con-full e-flex e-con e-child\" data-id=\"6b3b412\" data-element_type=\"container\" data-e-type=\"container\">\n\t\t\t\t<div class=\"elementor-element elementor-element-da3e3fb elementor-widget elementor-widget-text-editor\" data-id=\"da3e3fb\" data-element_type=\"widget\" data-e-type=\"widget\" data-widget_type=\"text-editor.default\">\n\t\t\t\t\t\t\t\t\t<p>0,7g<\/p>\t\t\t\t\t\t\t\t<\/div>\n\t\t\t\t<\/div>\n\t\t\t\t<\/div>\n\t\t<div role=\"region\" aria-labelledby=\"e-n-accordion-item-1720\" class=\"elementor-element elementor-element-5055b3b e-con-full e-flex e-con e-child\" data-id=\"5055b3b\" data-element_type=\"container\" data-e-type=\"container\" data-settings=\"{&quot;background_background&quot;:&quot;classic&quot;}\">\n\t\t<div role=\"region\" aria-labelledby=\"e-n-accordion-item-1720\" class=\"elementor-element elementor-element-8ef2660 e-con-full e-flex e-con e-child\" data-id=\"8ef2660\" data-element_type=\"container\" data-e-type=\"container\">\n\t\t\t\t<div class=\"elementor-element elementor-element-b78ecef elementor-widget elementor-widget-text-editor\" data-id=\"b78ecef\" data-element_type=\"widget\" data-e-type=\"widget\" data-widget_type=\"text-editor.default\">\n\t\t\t\t\t\t\t\t\t<p>dont sucres<\/p>\t\t\t\t\t\t\t\t<\/div>\n\t\t\t\t<\/div>\n\t\t<div role=\"region\" aria-labelledby=\"e-n-accordion-item-1720\" class=\"elementor-element elementor-element-0ed0a3b e-con-full e-flex e-con e-child\" data-id=\"0ed0a3b\" data-element_type=\"container\" data-e-type=\"container\">\n\t\t\t\t<div class=\"elementor-element elementor-element-b830934 elementor-widget elementor-widget-text-editor\" data-id=\"b830934\" data-element_type=\"widget\" data-e-type=\"widget\" data-widget_type=\"text-editor.default\">\n\t\t\t\t\t\t\t\t\t<p>0g<\/p>\t\t\t\t\t\t\t\t<\/div>\n\t\t\t\t<\/div>\n\t\t\t\t<\/div>\n\t\t<div role=\"region\" aria-labelledby=\"e-n-accordion-item-1720\" class=\"elementor-element elementor-element-1baf733 e-con-full e-flex e-con e-child\" data-id=\"1baf733\" data-element_type=\"container\" data-e-type=\"container\" data-settings=\"{&quot;background_background&quot;:&quot;classic&quot;}\">\n\t\t<div role=\"region\" aria-labelledby=\"e-n-accordion-item-1720\" class=\"elementor-element elementor-element-c06584d e-con-full e-flex e-con e-child\" data-id=\"c06584d\" data-element_type=\"container\" data-e-type=\"container\">\n\t\t\t\t<div class=\"elementor-element elementor-element-07e4df3 elementor-widget elementor-widget-text-editor\" data-id=\"07e4df3\" data-element_type=\"widget\" data-e-type=\"widget\" data-widget_type=\"text-editor.default\">\n\t\t\t\t\t\t\t\t\t<p>Prot\u00e9ines<\/p>\t\t\t\t\t\t\t\t<\/div>\n\t\t\t\t<\/div>\n\t\t<div role=\"region\" aria-labelledby=\"e-n-accordion-item-1720\" class=\"elementor-element elementor-element-d35b452 e-con-full e-flex e-con e-child\" data-id=\"d35b452\" data-element_type=\"container\" data-e-type=\"container\">\n\t\t\t\t<div class=\"elementor-element elementor-element-7e7e7fa elementor-widget elementor-widget-text-editor\" data-id=\"7e7e7fa\" data-element_type=\"widget\" data-e-type=\"widget\" data-widget_type=\"text-editor.default\">\n\t\t\t\t\t\t\t\t\t<p>0g<\/p>\t\t\t\t\t\t\t\t<\/div>\n\t\t\t\t<\/div>\n\t\t\t\t<\/div>\n\t\t<div role=\"region\" aria-labelledby=\"e-n-accordion-item-1720\" class=\"elementor-element elementor-element-7245686 e-con-full e-flex e-con e-child\" data-id=\"7245686\" data-element_type=\"container\" data-e-type=\"container\" data-settings=\"{&quot;background_background&quot;:&quot;classic&quot;}\">\n\t\t<div role=\"region\" aria-labelledby=\"e-n-accordion-item-1720\" class=\"elementor-element elementor-element-2627238 e-con-full e-flex e-con e-child\" data-id=\"2627238\" data-element_type=\"container\" data-e-type=\"container\">\n\t\t\t\t<div class=\"elementor-element elementor-element-8c70c42 elementor-widget elementor-widget-text-editor\" data-id=\"8c70c42\" data-element_type=\"widget\" data-e-type=\"widget\" data-widget_type=\"text-editor.default\">\n\t\t\t\t\t\t\t\t\t<p>Sel<\/p>\t\t\t\t\t\t\t\t<\/div>\n\t\t\t\t<\/div>\n\t\t<div role=\"region\" aria-labelledby=\"e-n-accordion-item-1720\" class=\"elementor-element elementor-element-9efd5a9 e-con-full e-flex e-con e-child\" data-id=\"9efd5a9\" data-element_type=\"container\" data-e-type=\"container\">\n\t\t\t\t<div class=\"elementor-element elementor-element-5baaa2e elementor-widget elementor-widget-text-editor\" data-id=\"5baaa2e\" data-element_type=\"widget\" data-e-type=\"widget\" data-widget_type=\"text-editor.default\">\n\t\t\t\t\t\t\t\t\t<p>0g<\/p>\t\t\t\t\t\t\t\t<\/div>\n\t\t\t\t<\/div>\n\t\t\t\t<\/div>\n\t\t\t\t\t<\/div>\n\t\t\t\t<\/div>\n\t\t\t\t<\/div>\n\t\t\t\t\t<\/details>\n\t\t\t\t\t<\/div>\n\t\t\t\t\t\t<\/div>\n\t\t\t\t\t<\/div>\n\t\t\t\t<\/div>\n\t\t\t\t<\/div>","protected":false},"excerpt":{"rendered":"<p>S\u00e9lectionnez le mill\u00e9sime 2025 Ingr\u00e9dients raisins, conservateurs (sulfites), acide m\u00e9tatartrique. D\u00e9claration nutritionnelle 100ml Energie 340 kj \/ 82 kcal Mati\u00e8res grasses 0g dont acides gras satur\u00e9s 0g Glucides 0,7g dont sucres 0g Prot\u00e9ines 0g Sel 0g Ingr\u00e9dients raisins, conservateurs (sulfites), acide m\u00e9tatartrique. D\u00e9claration nutritionnelle 100ml Energie 340 kj \/ 82 kcal Mati\u00e8res grasses 0g dont [&hellip;]<\/p>\n","protected":false},"author":1,"featured_media":0,"parent":0,"menu_order":0,"comment_status":"closed","ping_status":"closed","template":"","meta":{"site-sidebar-layout":"no-sidebar","site-content-layout":"page-builder","ast-site-content-layout":"full-width-container","site-content-style":"default","site-sidebar-style":"default","ast-global-header-display":"","ast-banner-title-visibility":"","ast-main-header-display":"","ast-hfb-above-header-display":"","ast-hfb-below-header-display":"","ast-hfb-mobile-header-display":"","site-post-title":"","ast-breadcrumbs-content":"","ast-featured-img":"disabled","footer-sml-layout":"","ast-disable-related-posts":"","theme-transparent-header-meta":"","adv-header-id-meta":"","stick-header-meta":"","header-above-stick-meta":"","header-main-stick-meta":"","header-below-stick-meta":"","astra-migrate-meta-layouts":"set","ast-page-background-enabled":"default","ast-page-background-meta":{"desktop":{"background-color":"var(--ast-global-color-4)","background-image":"","background-repeat":"repeat","background-position":"center center","background-size":"auto","background-attachment":"scroll","background-type":"","background-media":"","overlay-type":"","overlay-color":"","overlay-opacity":"","overlay-gradient":""},"tablet":{"background-color":"","background-image":"","background-repeat":"repeat","background-position":"center center","background-size":"auto","background-attachment":"scroll","background-type":"","background-media":"","overlay-type":"","overlay-color":"","overlay-opacity":"","overlay-gradient":""},"mobile":{"background-color":"","background-image":"","background-repeat":"repeat","background-position":"center center","background-size":"auto","background-attachment":"scroll","background-type":"","background-media":"","overlay-type":"","overlay-color":"","overlay-opacity":"","overlay-gradient":""}},"ast-content-background-meta":{"desktop":{"background-color":"var(--ast-global-color-5)","background-image":"","background-repeat":"repeat","background-position":"center center","background-size":"auto","background-attachment":"scroll","background-type":"","background-media":"","overlay-type":"","overlay-color":"","overlay-opacity":"","overlay-gradient":""},"tablet":{"background-color":"var(--ast-global-color-5)","background-image":"","background-repeat":"repeat","background-position":"center center","background-size":"auto","background-attachment":"scroll","background-type":"","background-media":"","overlay-type":"","overlay-color":"","overlay-opacity":"","overlay-gradient":""},"mobile":{"background-color":"var(--ast-global-color-5)","background-image":"","background-repeat":"repeat","background-position":"center center","background-size":"auto","background-attachment":"scroll","background-type":"","background-media":"","overlay-type":"","overlay-color":"","overlay-opacity":"","overlay-gradient":""}},"footnotes":""},"class_list":["post-3519","page","type-page","status-publish","hentry"],"yoast_head":"<!-- This site is optimized with the Yoast SEO plugin v27.4 - https:\/\/yoast.com\/product\/yoast-seo-wordpress\/ -->\n<title>QRC ros\u00e9 wine - Mas Ricardenque<\/title>\n<meta name=\"robots\" content=\"index, follow, max-snippet:-1, max-image-preview:large, max-video-preview:-1\" \/>\n<link rel=\"canonical\" href=\"https:\/\/masricardenque.fr\/en\/qrc-rose-wine\/\" \/>\n<meta property=\"og:locale\" content=\"en_GB\" \/>\n<meta property=\"og:type\" content=\"article\" \/>\n<meta property=\"og:title\" content=\"QRC ros\u00e9 wine - Mas Ricardenque\" \/>\n<meta property=\"og:description\" content=\"S\u00e9lectionnez le mill\u00e9sime 2025 Ingr\u00e9dients raisins, conservateurs (sulfites), acide m\u00e9tatartrique. D\u00e9claration nutritionnelle 100ml Energie 340 kj \/ 82 kcal Mati\u00e8res grasses 0g dont acides gras satur\u00e9s 0g Glucides 0,7g dont sucres 0g Prot\u00e9ines 0g Sel 0g Ingr\u00e9dients raisins, conservateurs (sulfites), acide m\u00e9tatartrique. D\u00e9claration nutritionnelle 100ml Energie 340 kj \/ 82 kcal Mati\u00e8res grasses 0g dont [&hellip;]\" \/>\n<meta property=\"og:url\" content=\"https:\/\/masricardenque.fr\/en\/qrc-rose-wine\/\" \/>\n<meta property=\"og:site_name\" content=\"Mas Ricardenque\" \/>\n<meta property=\"article:publisher\" content=\"https:\/\/www.facebook.com\/profile.php?id=100054311390282\" \/>\n<meta property=\"article:modified_time\" content=\"2026-02-18T18:08:51+00:00\" \/>\n<meta name=\"twitter:card\" content=\"summary_large_image\" \/>\n<meta name=\"twitter:label1\" content=\"Estimated reading time\" \/>\n\t<meta name=\"twitter:data1\" content=\"1 minute\" \/>\n<script type=\"application\/ld+json\" class=\"yoast-schema-graph\">{\"@context\":\"https:\\\/\\\/schema.org\",\"@graph\":[{\"@type\":\"WebPage\",\"@id\":\"https:\\\/\\\/masricardenque.fr\\\/qrc-rose-wine\\\/\",\"url\":\"https:\\\/\\\/masricardenque.fr\\\/qrc-rose-wine\\\/\",\"name\":\"QRC ros\u00e9 wine - Mas Ricardenque\",\"isPartOf\":{\"@id\":\"https:\\\/\\\/masricardenque.fr\\\/#website\"},\"datePublished\":\"2026-02-18T14:18:04+00:00\",\"dateModified\":\"2026-02-18T18:08:51+00:00\",\"breadcrumb\":{\"@id\":\"https:\\\/\\\/masricardenque.fr\\\/qrc-rose-wine\\\/#breadcrumb\"},\"inLanguage\":\"en-GB\",\"potentialAction\":[{\"@type\":\"ReadAction\",\"target\":[\"https:\\\/\\\/masricardenque.fr\\\/qrc-rose-wine\\\/\"]}]},{\"@type\":\"BreadcrumbList\",\"@id\":\"https:\\\/\\\/masricardenque.fr\\\/qrc-rose-wine\\\/#breadcrumb\",\"itemListElement\":[{\"@type\":\"ListItem\",\"position\":1,\"name\":\"Accueil\",\"item\":\"https:\\\/\\\/masricardenque.fr\\\/\"},{\"@type\":\"ListItem\",\"position\":2,\"name\":\"QRC ros\u00e9 wine\"}]},{\"@type\":\"WebSite\",\"@id\":\"https:\\\/\\\/masricardenque.fr\\\/#website\",\"url\":\"https:\\\/\\\/masricardenque.fr\\\/\",\"name\":\"www.masricardenque.fr\",\"description\":\"Producteur de vins et de roses centifolia biologiques \u00e0 Callian\",\"publisher\":{\"@id\":\"https:\\\/\\\/masricardenque.fr\\\/#organization\"},\"potentialAction\":[{\"@type\":\"SearchAction\",\"target\":{\"@type\":\"EntryPoint\",\"urlTemplate\":\"https:\\\/\\\/masricardenque.fr\\\/?s={search_term_string}\"},\"query-input\":{\"@type\":\"PropertyValueSpecification\",\"valueRequired\":true,\"valueName\":\"search_term_string\"}}],\"inLanguage\":\"en-GB\"},{\"@type\":\"Organization\",\"@id\":\"https:\\\/\\\/masricardenque.fr\\\/#organization\",\"name\":\"www.masricardenque.fr\",\"url\":\"https:\\\/\\\/masricardenque.fr\\\/\",\"logo\":{\"@type\":\"ImageObject\",\"inLanguage\":\"en-GB\",\"@id\":\"https:\\\/\\\/masricardenque.fr\\\/#\\\/schema\\\/logo\\\/image\\\/\",\"url\":\"https:\\\/\\\/masricardenque.fr\\\/wp-content\\\/uploads\\\/2022\\\/06\\\/cropped-Logo-mas-ricardenque-noir.png\",\"contentUrl\":\"https:\\\/\\\/masricardenque.fr\\\/wp-content\\\/uploads\\\/2022\\\/06\\\/cropped-Logo-mas-ricardenque-noir.png\",\"width\":890,\"height\":418,\"caption\":\"www.masricardenque.fr\"},\"image\":{\"@id\":\"https:\\\/\\\/masricardenque.fr\\\/#\\\/schema\\\/logo\\\/image\\\/\"},\"sameAs\":[\"https:\\\/\\\/www.facebook.com\\\/profile.php?id=100054311390282\"]}]}<\/script>\n<!-- \/ Yoast SEO plugin. -->","yoast_head_json":{"title":"QRC ros\u00e9 wine - Mas Ricardenque","robots":{"index":"index","follow":"follow","max-snippet":"max-snippet:-1","max-image-preview":"max-image-preview:large","max-video-preview":"max-video-preview:-1"},"canonical":"https:\/\/masricardenque.fr\/en\/qrc-rose-wine\/","og_locale":"en_GB","og_type":"article","og_title":"QRC ros\u00e9 wine - Mas Ricardenque","og_description":"S\u00e9lectionnez le mill\u00e9sime 2025 Ingr\u00e9dients raisins, conservateurs (sulfites), acide m\u00e9tatartrique. D\u00e9claration nutritionnelle 100ml Energie 340 kj \/ 82 kcal Mati\u00e8res grasses 0g dont acides gras satur\u00e9s 0g Glucides 0,7g dont sucres 0g Prot\u00e9ines 0g Sel 0g Ingr\u00e9dients raisins, conservateurs (sulfites), acide m\u00e9tatartrique. D\u00e9claration nutritionnelle 100ml Energie 340 kj \/ 82 kcal Mati\u00e8res grasses 0g dont [&hellip;]","og_url":"https:\/\/masricardenque.fr\/en\/qrc-rose-wine\/","og_site_name":"Mas Ricardenque","article_publisher":"https:\/\/www.facebook.com\/profile.php?id=100054311390282","article_modified_time":"2026-02-18T18:08:51+00:00","twitter_card":"summary_large_image","twitter_misc":{"Estimated reading time":"1 minute"},"schema":{"@context":"https:\/\/schema.org","@graph":[{"@type":"WebPage","@id":"https:\/\/masricardenque.fr\/qrc-rose-wine\/","url":"https:\/\/masricardenque.fr\/qrc-rose-wine\/","name":"QRC ros\u00e9 wine - Mas Ricardenque","isPartOf":{"@id":"https:\/\/masricardenque.fr\/#website"},"datePublished":"2026-02-18T14:18:04+00:00","dateModified":"2026-02-18T18:08:51+00:00","breadcrumb":{"@id":"https:\/\/masricardenque.fr\/qrc-rose-wine\/#breadcrumb"},"inLanguage":"en-GB","potentialAction":[{"@type":"ReadAction","target":["https:\/\/masricardenque.fr\/qrc-rose-wine\/"]}]},{"@type":"BreadcrumbList","@id":"https:\/\/masricardenque.fr\/qrc-rose-wine\/#breadcrumb","itemListElement":[{"@type":"ListItem","position":1,"name":"Accueil","item":"https:\/\/masricardenque.fr\/"},{"@type":"ListItem","position":2,"name":"QRC ros\u00e9 wine"}]},{"@type":"WebSite","@id":"https:\/\/masricardenque.fr\/#website","url":"https:\/\/masricardenque.fr\/","name":"www.masricardenque.fr","description":"Wine and rosa centifolia organic producer in Callian","publisher":{"@id":"https:\/\/masricardenque.fr\/#organization"},"potentialAction":[{"@type":"SearchAction","target":{"@type":"EntryPoint","urlTemplate":"https:\/\/masricardenque.fr\/?s={search_term_string}"},"query-input":{"@type":"PropertyValueSpecification","valueRequired":true,"valueName":"search_term_string"}}],"inLanguage":"en-GB"},{"@type":"Organization","@id":"https:\/\/masricardenque.fr\/#organization","name":"www.masricardenque.fr","url":"https:\/\/masricardenque.fr\/","logo":{"@type":"ImageObject","inLanguage":"en-GB","@id":"https:\/\/masricardenque.fr\/#\/schema\/logo\/image\/","url":"https:\/\/masricardenque.fr\/wp-content\/uploads\/2022\/06\/cropped-Logo-mas-ricardenque-noir.png","contentUrl":"https:\/\/masricardenque.fr\/wp-content\/uploads\/2022\/06\/cropped-Logo-mas-ricardenque-noir.png","width":890,"height":418,"caption":"www.masricardenque.fr"},"image":{"@id":"https:\/\/masricardenque.fr\/#\/schema\/logo\/image\/"},"sameAs":["https:\/\/www.facebook.com\/profile.php?id=100054311390282"]}]}},"_links":{"self":[{"href":"https:\/\/masricardenque.fr\/en\/wp-json\/wp\/v2\/pages\/3519","targetHints":{"allow":["GET"]}}],"collection":[{"href":"https:\/\/masricardenque.fr\/en\/wp-json\/wp\/v2\/pages"}],"about":[{"href":"https:\/\/masricardenque.fr\/en\/wp-json\/wp\/v2\/types\/page"}],"author":[{"embeddable":true,"href":"https:\/\/masricardenque.fr\/en\/wp-json\/wp\/v2\/users\/1"}],"replies":[{"embeddable":true,"href":"https:\/\/masricardenque.fr\/en\/wp-json\/wp\/v2\/comments?post=3519"}],"version-history":[{"count":10,"href":"https:\/\/masricardenque.fr\/en\/wp-json\/wp\/v2\/pages\/3519\/revisions"}],"predecessor-version":[{"id":3552,"href":"https:\/\/masricardenque.fr\/en\/wp-json\/wp\/v2\/pages\/3519\/revisions\/3552"}],"wp:attachment":[{"href":"https:\/\/masricardenque.fr\/en\/wp-json\/wp\/v2\/media?parent=3519"}],"curies":[{"name":"wp","href":"https:\/\/api.w.org\/{rel}","templated":true}]}}