{"id":3514,"date":"2026-02-18T15:14:21","date_gmt":"2026-02-18T14:14:21","guid":{"rendered":"https:\/\/masricardenque.fr\/?page_id=3514"},"modified":"2026-02-18T19:25:21","modified_gmt":"2026-02-18T18:25:21","slug":"qrc-white-wine","status":"publish","type":"page","link":"https:\/\/masricardenque.fr\/en\/qrc-white-wine\/","title":{"rendered":"QRC white wine"},"content":{"rendered":"<div data-elementor-type=\"wp-page\" data-elementor-id=\"3514\" class=\"elementor elementor-3514\">\n\t\t\t\t<div class=\"elementor-element elementor-element-0188c01 e-flex e-con-boxed e-con e-parent\" data-id=\"0188c01\" data-element_type=\"container\" data-e-type=\"container\">\n\t\t\t\t\t<div class=\"e-con-inner\">\n\t\t\t\t<div class=\"elementor-element elementor-element-f3ee9f9 elementor-widget elementor-widget-heading\" data-id=\"f3ee9f9\" data-element_type=\"widget\" data-e-type=\"widget\" data-widget_type=\"heading.default\">\n\t\t\t\t\t<h2 class=\"elementor-heading-title elementor-size-default\">S\u00e9lectionnez le mill\u00e9sime <\/h2>\t\t\t\t<\/div>\n\t\t\t\t<div class=\"elementor-element elementor-element-3c74c3a elementor-widget-divider--view-line elementor-widget elementor-widget-divider\" data-id=\"3c74c3a\" data-element_type=\"widget\" data-e-type=\"widget\" data-widget_type=\"divider.default\">\n\t\t\t\t\t\t\t<div class=\"elementor-divider\">\n\t\t\t<span class=\"elementor-divider-separator\">\n\t\t\t\t\t\t<\/span>\n\t\t<\/div>\n\t\t\t\t\t\t<\/div>\n\t\t\t\t<div class=\"elementor-element elementor-element-a902d74 elementor-widget elementor-widget-n-accordion\" data-id=\"a902d74\" data-element_type=\"widget\" data-e-type=\"widget\" data-settings=\"{&quot;default_state&quot;:&quot;all_collapsed&quot;,&quot;max_items_expended&quot;:&quot;one&quot;,&quot;n_accordion_animation_duration&quot;:{&quot;unit&quot;:&quot;ms&quot;,&quot;size&quot;:400,&quot;sizes&quot;:[]}}\" data-widget_type=\"nested-accordion.default\">\n\t\t\t\t\t\t\t<div class=\"e-n-accordion\" aria-label=\"Accordion. Open links with Enter or Space, close with Escape, and navigate with Arrow Keys\">\n\t\t\t\t\t\t<details id=\"e-n-accordion-item-1770\" class=\"e-n-accordion-item\" >\n\t\t\t\t<summary class=\"e-n-accordion-item-title\" data-accordion-index=\"1\" tabindex=\"0\" aria-expanded=\"false\" aria-controls=\"e-n-accordion-item-1770\" >\n\t\t\t\t\t<span class='e-n-accordion-item-title-header'><div class=\"e-n-accordion-item-title-text\"> 2025 <\/div><\/span>\n\t\t\t\t\t\t\t<span class='e-n-accordion-item-title-icon'>\n\t\t\t<span class='e-opened' ><i aria-hidden=\"true\" class=\"fas fa-glass-cheers\"><\/i><\/span>\n\t\t\t<span class='e-closed'><i aria-hidden=\"true\" class=\"fas fa-wine-bottle\"><\/i><\/span>\n\t\t<\/span>\n\n\t\t\t\t\t\t<\/summary>\n\t\t\t\t<div role=\"region\" aria-labelledby=\"e-n-accordion-item-1770\" class=\"elementor-element elementor-element-508ceac e-con-full e-flex e-con e-child\" data-id=\"508ceac\" data-element_type=\"container\" data-e-type=\"container\">\n\t\t<div role=\"region\" aria-labelledby=\"e-n-accordion-item-1770\" class=\"elementor-element elementor-element-79cfca5 e-flex e-con-boxed e-con e-child\" data-id=\"79cfca5\" data-element_type=\"container\" data-e-type=\"container\">\n\t\t\t\t\t<div class=\"e-con-inner\">\n\t\t\t\t<div class=\"elementor-element elementor-element-2d981c0 elementor-widget elementor-widget-heading\" data-id=\"2d981c0\" data-element_type=\"widget\" data-e-type=\"widget\" data-widget_type=\"heading.default\">\n\t\t\t\t\t<h2 class=\"elementor-heading-title elementor-size-default\">Ingr\u00e9dients<\/h2>\t\t\t\t<\/div>\n\t\t\t\t<div class=\"elementor-element elementor-element-13106eb elementor-widget elementor-widget-text-editor\" data-id=\"13106eb\" data-element_type=\"widget\" data-e-type=\"widget\" data-widget_type=\"text-editor.default\">\n\t\t\t\t\t\t\t\t\t<p>raisins, conservateurs (<strong>sulfites<\/strong>), acide m\u00e9tatartrique.<\/p>\t\t\t\t\t\t\t\t<\/div>\n\t\t\t\t<div class=\"elementor-element elementor-element-f778b42 elementor-widget elementor-widget-heading\" data-id=\"f778b42\" data-element_type=\"widget\" data-e-type=\"widget\" data-widget_type=\"heading.default\">\n\t\t\t\t\t<h2 class=\"elementor-heading-title elementor-size-default\">D\u00e9claration nutritionnelle<\/h2>\t\t\t\t<\/div>\n\t\t<div role=\"region\" aria-labelledby=\"e-n-accordion-item-1770\" class=\"elementor-element elementor-element-cdd1eae e-con-full e-flex e-con e-child\" data-id=\"cdd1eae\" data-element_type=\"container\" data-e-type=\"container\" data-settings=\"{&quot;background_background&quot;:&quot;classic&quot;}\">\n\t\t<div role=\"region\" aria-labelledby=\"e-n-accordion-item-1770\" class=\"elementor-element elementor-element-cbcd0e5 e-con-full e-flex e-con e-child\" data-id=\"cbcd0e5\" data-element_type=\"container\" data-e-type=\"container\">\n\t\t\t\t<\/div>\n\t\t<div role=\"region\" aria-labelledby=\"e-n-accordion-item-1770\" class=\"elementor-element elementor-element-362a42c e-con-full e-flex e-con e-child\" data-id=\"362a42c\" data-element_type=\"container\" data-e-type=\"container\">\n\t\t\t\t<div class=\"elementor-element elementor-element-acfe328 elementor-widget elementor-widget-heading\" data-id=\"acfe328\" data-element_type=\"widget\" data-e-type=\"widget\" data-widget_type=\"heading.default\">\n\t\t\t\t\t<h3 class=\"elementor-heading-title elementor-size-default\">100ml<\/h3>\t\t\t\t<\/div>\n\t\t\t\t<\/div>\n\t\t\t\t<\/div>\n\t\t<div role=\"region\" aria-labelledby=\"e-n-accordion-item-1770\" class=\"elementor-element elementor-element-378f638 e-con-full e-flex e-con e-child\" data-id=\"378f638\" data-element_type=\"container\" data-e-type=\"container\" data-settings=\"{&quot;background_background&quot;:&quot;classic&quot;}\">\n\t\t<div role=\"region\" aria-labelledby=\"e-n-accordion-item-1770\" class=\"elementor-element elementor-element-1125651 e-con-full e-flex e-con e-child\" data-id=\"1125651\" data-element_type=\"container\" data-e-type=\"container\">\n\t\t\t\t<div class=\"elementor-element elementor-element-4b2b8ae elementor-widget elementor-widget-text-editor\" data-id=\"4b2b8ae\" data-element_type=\"widget\" data-e-type=\"widget\" data-widget_type=\"text-editor.default\">\n\t\t\t\t\t\t\t\t\t<p>Energie<\/p>\t\t\t\t\t\t\t\t<\/div>\n\t\t\t\t<\/div>\n\t\t<div role=\"region\" aria-labelledby=\"e-n-accordion-item-1770\" class=\"elementor-element elementor-element-93b0282 e-con-full e-flex e-con e-child\" data-id=\"93b0282\" data-element_type=\"container\" data-e-type=\"container\">\n\t\t\t\t<div class=\"elementor-element elementor-element-1f0db80 elementor-widget elementor-widget-text-editor\" data-id=\"1f0db80\" data-element_type=\"widget\" data-e-type=\"widget\" data-widget_type=\"text-editor.default\">\n\t\t\t\t\t\t\t\t\t<p>340 kj \/ 82 kcal<\/p>\t\t\t\t\t\t\t\t<\/div>\n\t\t\t\t<\/div>\n\t\t\t\t<\/div>\n\t\t<div role=\"region\" aria-labelledby=\"e-n-accordion-item-1770\" class=\"elementor-element elementor-element-6f4a79b e-con-full e-flex e-con e-child\" data-id=\"6f4a79b\" data-element_type=\"container\" data-e-type=\"container\" data-settings=\"{&quot;background_background&quot;:&quot;classic&quot;}\">\n\t\t<div role=\"region\" aria-labelledby=\"e-n-accordion-item-1770\" class=\"elementor-element elementor-element-dcf36f2 e-con-full e-flex e-con e-child\" data-id=\"dcf36f2\" data-element_type=\"container\" data-e-type=\"container\">\n\t\t\t\t<div class=\"elementor-element elementor-element-05a2375 elementor-widget elementor-widget-text-editor\" data-id=\"05a2375\" data-element_type=\"widget\" data-e-type=\"widget\" data-widget_type=\"text-editor.default\">\n\t\t\t\t\t\t\t\t\t<p>Mati\u00e8res grasses<\/p>\t\t\t\t\t\t\t\t<\/div>\n\t\t\t\t<\/div>\n\t\t<div role=\"region\" aria-labelledby=\"e-n-accordion-item-1770\" class=\"elementor-element elementor-element-ec5d6a7 e-con-full e-flex e-con e-child\" data-id=\"ec5d6a7\" data-element_type=\"container\" data-e-type=\"container\">\n\t\t\t\t<div class=\"elementor-element elementor-element-d702cf9 elementor-widget elementor-widget-text-editor\" data-id=\"d702cf9\" data-element_type=\"widget\" data-e-type=\"widget\" data-widget_type=\"text-editor.default\">\n\t\t\t\t\t\t\t\t\t<p>0g<\/p>\t\t\t\t\t\t\t\t<\/div>\n\t\t\t\t<\/div>\n\t\t\t\t<\/div>\n\t\t<div role=\"region\" aria-labelledby=\"e-n-accordion-item-1770\" class=\"elementor-element elementor-element-9ee1c96 e-con-full e-flex e-con e-child\" data-id=\"9ee1c96\" data-element_type=\"container\" data-e-type=\"container\" data-settings=\"{&quot;background_background&quot;:&quot;classic&quot;}\">\n\t\t<div role=\"region\" aria-labelledby=\"e-n-accordion-item-1770\" class=\"elementor-element elementor-element-6891a54 e-con-full e-flex e-con e-child\" data-id=\"6891a54\" data-element_type=\"container\" data-e-type=\"container\">\n\t\t\t\t<div class=\"elementor-element elementor-element-001dedd elementor-widget elementor-widget-text-editor\" data-id=\"001dedd\" data-element_type=\"widget\" data-e-type=\"widget\" data-widget_type=\"text-editor.default\">\n\t\t\t\t\t\t\t\t\t<p>dont acides gras satur\u00e9s<\/p>\t\t\t\t\t\t\t\t<\/div>\n\t\t\t\t<\/div>\n\t\t<div role=\"region\" aria-labelledby=\"e-n-accordion-item-1770\" class=\"elementor-element elementor-element-aab747d e-con-full e-flex e-con e-child\" data-id=\"aab747d\" data-element_type=\"container\" data-e-type=\"container\">\n\t\t\t\t<div class=\"elementor-element elementor-element-dfd9f87 elementor-widget elementor-widget-text-editor\" data-id=\"dfd9f87\" data-element_type=\"widget\" data-e-type=\"widget\" data-widget_type=\"text-editor.default\">\n\t\t\t\t\t\t\t\t\t<p>0g<\/p>\t\t\t\t\t\t\t\t<\/div>\n\t\t\t\t<\/div>\n\t\t\t\t<\/div>\n\t\t<div role=\"region\" aria-labelledby=\"e-n-accordion-item-1770\" class=\"elementor-element elementor-element-2fdc259 e-con-full e-flex e-con e-child\" data-id=\"2fdc259\" data-element_type=\"container\" data-e-type=\"container\" data-settings=\"{&quot;background_background&quot;:&quot;classic&quot;}\">\n\t\t<div role=\"region\" aria-labelledby=\"e-n-accordion-item-1770\" class=\"elementor-element elementor-element-2b0bf19 e-con-full e-flex e-con e-child\" data-id=\"2b0bf19\" data-element_type=\"container\" data-e-type=\"container\">\n\t\t\t\t<div class=\"elementor-element elementor-element-70fb08f elementor-widget elementor-widget-text-editor\" data-id=\"70fb08f\" data-element_type=\"widget\" data-e-type=\"widget\" data-widget_type=\"text-editor.default\">\n\t\t\t\t\t\t\t\t\t<p>Glucides<\/p>\t\t\t\t\t\t\t\t<\/div>\n\t\t\t\t<\/div>\n\t\t<div role=\"region\" aria-labelledby=\"e-n-accordion-item-1770\" class=\"elementor-element elementor-element-6e25dba e-con-full e-flex e-con e-child\" data-id=\"6e25dba\" data-element_type=\"container\" data-e-type=\"container\">\n\t\t\t\t<div class=\"elementor-element elementor-element-938e609 elementor-widget elementor-widget-text-editor\" data-id=\"938e609\" data-element_type=\"widget\" data-e-type=\"widget\" data-widget_type=\"text-editor.default\">\n\t\t\t\t\t\t\t\t\t<p>0,7g<\/p>\t\t\t\t\t\t\t\t<\/div>\n\t\t\t\t<\/div>\n\t\t\t\t<\/div>\n\t\t<div role=\"region\" aria-labelledby=\"e-n-accordion-item-1770\" class=\"elementor-element elementor-element-89e29ee e-con-full e-flex e-con e-child\" data-id=\"89e29ee\" data-element_type=\"container\" data-e-type=\"container\" data-settings=\"{&quot;background_background&quot;:&quot;classic&quot;}\">\n\t\t<div role=\"region\" aria-labelledby=\"e-n-accordion-item-1770\" class=\"elementor-element elementor-element-e98d7bd e-con-full e-flex e-con e-child\" data-id=\"e98d7bd\" data-element_type=\"container\" data-e-type=\"container\">\n\t\t\t\t<div class=\"elementor-element elementor-element-2f79622 elementor-widget elementor-widget-text-editor\" data-id=\"2f79622\" data-element_type=\"widget\" data-e-type=\"widget\" data-widget_type=\"text-editor.default\">\n\t\t\t\t\t\t\t\t\t<p>dont sucres<\/p>\t\t\t\t\t\t\t\t<\/div>\n\t\t\t\t<\/div>\n\t\t<div role=\"region\" aria-labelledby=\"e-n-accordion-item-1770\" class=\"elementor-element elementor-element-f4247d6 e-con-full e-flex e-con e-child\" data-id=\"f4247d6\" data-element_type=\"container\" data-e-type=\"container\">\n\t\t\t\t<div class=\"elementor-element elementor-element-d6416f9 elementor-widget elementor-widget-text-editor\" data-id=\"d6416f9\" data-element_type=\"widget\" data-e-type=\"widget\" data-widget_type=\"text-editor.default\">\n\t\t\t\t\t\t\t\t\t<p>0g<\/p>\t\t\t\t\t\t\t\t<\/div>\n\t\t\t\t<\/div>\n\t\t\t\t<\/div>\n\t\t<div role=\"region\" aria-labelledby=\"e-n-accordion-item-1770\" class=\"elementor-element elementor-element-c0cf77c e-con-full e-flex e-con e-child\" data-id=\"c0cf77c\" data-element_type=\"container\" data-e-type=\"container\" data-settings=\"{&quot;background_background&quot;:&quot;classic&quot;}\">\n\t\t<div role=\"region\" aria-labelledby=\"e-n-accordion-item-1770\" class=\"elementor-element elementor-element-238d909 e-con-full e-flex e-con e-child\" data-id=\"238d909\" data-element_type=\"container\" data-e-type=\"container\">\n\t\t\t\t<div class=\"elementor-element elementor-element-4e5cae1 elementor-widget elementor-widget-text-editor\" data-id=\"4e5cae1\" data-element_type=\"widget\" data-e-type=\"widget\" data-widget_type=\"text-editor.default\">\n\t\t\t\t\t\t\t\t\t<p>Prot\u00e9ines<\/p>\t\t\t\t\t\t\t\t<\/div>\n\t\t\t\t<\/div>\n\t\t<div role=\"region\" aria-labelledby=\"e-n-accordion-item-1770\" class=\"elementor-element elementor-element-a538eb0 e-con-full e-flex e-con e-child\" data-id=\"a538eb0\" data-element_type=\"container\" data-e-type=\"container\">\n\t\t\t\t<div class=\"elementor-element elementor-element-ea76cd9 elementor-widget elementor-widget-text-editor\" data-id=\"ea76cd9\" data-element_type=\"widget\" data-e-type=\"widget\" data-widget_type=\"text-editor.default\">\n\t\t\t\t\t\t\t\t\t<p>0g<\/p>\t\t\t\t\t\t\t\t<\/div>\n\t\t\t\t<\/div>\n\t\t\t\t<\/div>\n\t\t<div role=\"region\" aria-labelledby=\"e-n-accordion-item-1770\" class=\"elementor-element elementor-element-0d3d840 e-con-full e-flex e-con e-child\" data-id=\"0d3d840\" data-element_type=\"container\" data-e-type=\"container\" data-settings=\"{&quot;background_background&quot;:&quot;classic&quot;}\">\n\t\t<div role=\"region\" aria-labelledby=\"e-n-accordion-item-1770\" class=\"elementor-element elementor-element-4ae7185 e-con-full e-flex e-con e-child\" data-id=\"4ae7185\" data-element_type=\"container\" data-e-type=\"container\">\n\t\t\t\t<div class=\"elementor-element elementor-element-bd7fef0 elementor-widget elementor-widget-text-editor\" data-id=\"bd7fef0\" data-element_type=\"widget\" data-e-type=\"widget\" data-widget_type=\"text-editor.default\">\n\t\t\t\t\t\t\t\t\t<p>Sel<\/p>\t\t\t\t\t\t\t\t<\/div>\n\t\t\t\t<\/div>\n\t\t<div role=\"region\" aria-labelledby=\"e-n-accordion-item-1770\" class=\"elementor-element elementor-element-e418b11 e-con-full e-flex e-con e-child\" data-id=\"e418b11\" data-element_type=\"container\" data-e-type=\"container\">\n\t\t\t\t<div class=\"elementor-element elementor-element-53108a9 elementor-widget elementor-widget-text-editor\" data-id=\"53108a9\" data-element_type=\"widget\" data-e-type=\"widget\" data-widget_type=\"text-editor.default\">\n\t\t\t\t\t\t\t\t\t<p>0g<\/p>\t\t\t\t\t\t\t\t<\/div>\n\t\t\t\t<\/div>\n\t\t\t\t<\/div>\n\t\t\t\t\t<\/div>\n\t\t\t\t<\/div>\n\t\t\t\t<\/div>\n\t\t\t\t\t<\/details>\n\t\t\t\t\t<\/div>\n\t\t\t\t\t\t<\/div>\n\t\t\t\t\t<\/div>\n\t\t\t\t<\/div>\n\t\t\t\t<\/div>","protected":false},"excerpt":{"rendered":"<p>S\u00e9lectionnez le mill\u00e9sime 2025 Ingr\u00e9dients raisins, conservateurs (sulfites), acide m\u00e9tatartrique. D\u00e9claration nutritionnelle 100ml Energie 340 kj \/ 82 kcal Mati\u00e8res grasses 0g dont acides gras satur\u00e9s 0g Glucides 0,7g dont sucres 0g Prot\u00e9ines 0g Sel 0g Ingr\u00e9dients raisins, conservateurs (sulfites), acide m\u00e9tatartrique. D\u00e9claration nutritionnelle 100ml Energie 340 kj \/ 82 kcal Mati\u00e8res grasses 0g dont [&hellip;]<\/p>\n","protected":false},"author":1,"featured_media":0,"parent":0,"menu_order":0,"comment_status":"closed","ping_status":"closed","template":"","meta":{"site-sidebar-layout":"no-sidebar","site-content-layout":"page-builder","ast-site-content-layout":"full-width-container","site-content-style":"default","site-sidebar-style":"default","ast-global-header-display":"","ast-banner-title-visibility":"","ast-main-header-display":"","ast-hfb-above-header-display":"","ast-hfb-below-header-display":"","ast-hfb-mobile-header-display":"","site-post-title":"","ast-breadcrumbs-content":"","ast-featured-img":"disabled","footer-sml-layout":"","ast-disable-related-posts":"","theme-transparent-header-meta":"","adv-header-id-meta":"","stick-header-meta":"","header-above-stick-meta":"","header-main-stick-meta":"","header-below-stick-meta":"","astra-migrate-meta-layouts":"set","ast-page-background-enabled":"default","ast-page-background-meta":{"desktop":{"background-color":"var(--ast-global-color-4)","background-image":"","background-repeat":"repeat","background-position":"center center","background-size":"auto","background-attachment":"scroll","background-type":"","background-media":"","overlay-type":"","overlay-color":"","overlay-opacity":"","overlay-gradient":""},"tablet":{"background-color":"","background-image":"","background-repeat":"repeat","background-position":"center center","background-size":"auto","background-attachment":"scroll","background-type":"","background-media":"","overlay-type":"","overlay-color":"","overlay-opacity":"","overlay-gradient":""},"mobile":{"background-color":"","background-image":"","background-repeat":"repeat","background-position":"center center","background-size":"auto","background-attachment":"scroll","background-type":"","background-media":"","overlay-type":"","overlay-color":"","overlay-opacity":"","overlay-gradient":""}},"ast-content-background-meta":{"desktop":{"background-color":"var(--ast-global-color-5)","background-image":"","background-repeat":"repeat","background-position":"center center","background-size":"auto","background-attachment":"scroll","background-type":"","background-media":"","overlay-type":"","overlay-color":"","overlay-opacity":"","overlay-gradient":""},"tablet":{"background-color":"var(--ast-global-color-5)","background-image":"","background-repeat":"repeat","background-position":"center center","background-size":"auto","background-attachment":"scroll","background-type":"","background-media":"","overlay-type":"","overlay-color":"","overlay-opacity":"","overlay-gradient":""},"mobile":{"background-color":"var(--ast-global-color-5)","background-image":"","background-repeat":"repeat","background-position":"center center","background-size":"auto","background-attachment":"scroll","background-type":"","background-media":"","overlay-type":"","overlay-color":"","overlay-opacity":"","overlay-gradient":""}},"footnotes":""},"class_list":["post-3514","page","type-page","status-publish","hentry"],"yoast_head":"<!-- This site is optimized with the Yoast SEO plugin v27.4 - https:\/\/yoast.com\/product\/yoast-seo-wordpress\/ -->\n<title>QRC white wine - Mas Ricardenque<\/title>\n<meta name=\"robots\" content=\"index, follow, max-snippet:-1, max-image-preview:large, max-video-preview:-1\" \/>\n<link rel=\"canonical\" href=\"https:\/\/masricardenque.fr\/en\/qrc-white-wine\/\" \/>\n<meta property=\"og:locale\" content=\"en_GB\" \/>\n<meta property=\"og:type\" content=\"article\" \/>\n<meta property=\"og:title\" content=\"QRC white wine - Mas Ricardenque\" \/>\n<meta property=\"og:description\" content=\"S\u00e9lectionnez le mill\u00e9sime 2025 Ingr\u00e9dients raisins, conservateurs (sulfites), acide m\u00e9tatartrique. D\u00e9claration nutritionnelle 100ml Energie 340 kj \/ 82 kcal Mati\u00e8res grasses 0g dont acides gras satur\u00e9s 0g Glucides 0,7g dont sucres 0g Prot\u00e9ines 0g Sel 0g Ingr\u00e9dients raisins, conservateurs (sulfites), acide m\u00e9tatartrique. D\u00e9claration nutritionnelle 100ml Energie 340 kj \/ 82 kcal Mati\u00e8res grasses 0g dont [&hellip;]\" \/>\n<meta property=\"og:url\" content=\"https:\/\/masricardenque.fr\/en\/qrc-white-wine\/\" \/>\n<meta property=\"og:site_name\" content=\"Mas Ricardenque\" \/>\n<meta property=\"article:publisher\" content=\"https:\/\/www.facebook.com\/profile.php?id=100054311390282\" \/>\n<meta property=\"article:modified_time\" content=\"2026-02-18T18:25:21+00:00\" \/>\n<meta name=\"twitter:card\" content=\"summary_large_image\" \/>\n<meta name=\"twitter:label1\" content=\"Estimated reading time\" \/>\n\t<meta name=\"twitter:data1\" content=\"1 minute\" \/>\n<script type=\"application\/ld+json\" class=\"yoast-schema-graph\">{\"@context\":\"https:\\\/\\\/schema.org\",\"@graph\":[{\"@type\":\"WebPage\",\"@id\":\"https:\\\/\\\/masricardenque.fr\\\/qrc-white-wine\\\/\",\"url\":\"https:\\\/\\\/masricardenque.fr\\\/qrc-white-wine\\\/\",\"name\":\"QRC white wine - Mas Ricardenque\",\"isPartOf\":{\"@id\":\"https:\\\/\\\/masricardenque.fr\\\/#website\"},\"datePublished\":\"2026-02-18T14:14:21+00:00\",\"dateModified\":\"2026-02-18T18:25:21+00:00\",\"breadcrumb\":{\"@id\":\"https:\\\/\\\/masricardenque.fr\\\/qrc-white-wine\\\/#breadcrumb\"},\"inLanguage\":\"en-GB\",\"potentialAction\":[{\"@type\":\"ReadAction\",\"target\":[\"https:\\\/\\\/masricardenque.fr\\\/qrc-white-wine\\\/\"]}]},{\"@type\":\"BreadcrumbList\",\"@id\":\"https:\\\/\\\/masricardenque.fr\\\/qrc-white-wine\\\/#breadcrumb\",\"itemListElement\":[{\"@type\":\"ListItem\",\"position\":1,\"name\":\"Accueil\",\"item\":\"https:\\\/\\\/masricardenque.fr\\\/\"},{\"@type\":\"ListItem\",\"position\":2,\"name\":\"QRC white wine\"}]},{\"@type\":\"WebSite\",\"@id\":\"https:\\\/\\\/masricardenque.fr\\\/#website\",\"url\":\"https:\\\/\\\/masricardenque.fr\\\/\",\"name\":\"www.masricardenque.fr\",\"description\":\"Producteur de vins et de roses centifolia biologiques \u00e0 Callian\",\"publisher\":{\"@id\":\"https:\\\/\\\/masricardenque.fr\\\/#organization\"},\"potentialAction\":[{\"@type\":\"SearchAction\",\"target\":{\"@type\":\"EntryPoint\",\"urlTemplate\":\"https:\\\/\\\/masricardenque.fr\\\/?s={search_term_string}\"},\"query-input\":{\"@type\":\"PropertyValueSpecification\",\"valueRequired\":true,\"valueName\":\"search_term_string\"}}],\"inLanguage\":\"en-GB\"},{\"@type\":\"Organization\",\"@id\":\"https:\\\/\\\/masricardenque.fr\\\/#organization\",\"name\":\"www.masricardenque.fr\",\"url\":\"https:\\\/\\\/masricardenque.fr\\\/\",\"logo\":{\"@type\":\"ImageObject\",\"inLanguage\":\"en-GB\",\"@id\":\"https:\\\/\\\/masricardenque.fr\\\/#\\\/schema\\\/logo\\\/image\\\/\",\"url\":\"https:\\\/\\\/masricardenque.fr\\\/wp-content\\\/uploads\\\/2022\\\/06\\\/cropped-Logo-mas-ricardenque-noir.png\",\"contentUrl\":\"https:\\\/\\\/masricardenque.fr\\\/wp-content\\\/uploads\\\/2022\\\/06\\\/cropped-Logo-mas-ricardenque-noir.png\",\"width\":890,\"height\":418,\"caption\":\"www.masricardenque.fr\"},\"image\":{\"@id\":\"https:\\\/\\\/masricardenque.fr\\\/#\\\/schema\\\/logo\\\/image\\\/\"},\"sameAs\":[\"https:\\\/\\\/www.facebook.com\\\/profile.php?id=100054311390282\"]}]}<\/script>\n<!-- \/ Yoast SEO plugin. -->","yoast_head_json":{"title":"QRC white wine - Mas Ricardenque","robots":{"index":"index","follow":"follow","max-snippet":"max-snippet:-1","max-image-preview":"max-image-preview:large","max-video-preview":"max-video-preview:-1"},"canonical":"https:\/\/masricardenque.fr\/en\/qrc-white-wine\/","og_locale":"en_GB","og_type":"article","og_title":"QRC white wine - Mas Ricardenque","og_description":"S\u00e9lectionnez le mill\u00e9sime 2025 Ingr\u00e9dients raisins, conservateurs (sulfites), acide m\u00e9tatartrique. D\u00e9claration nutritionnelle 100ml Energie 340 kj \/ 82 kcal Mati\u00e8res grasses 0g dont acides gras satur\u00e9s 0g Glucides 0,7g dont sucres 0g Prot\u00e9ines 0g Sel 0g Ingr\u00e9dients raisins, conservateurs (sulfites), acide m\u00e9tatartrique. D\u00e9claration nutritionnelle 100ml Energie 340 kj \/ 82 kcal Mati\u00e8res grasses 0g dont [&hellip;]","og_url":"https:\/\/masricardenque.fr\/en\/qrc-white-wine\/","og_site_name":"Mas Ricardenque","article_publisher":"https:\/\/www.facebook.com\/profile.php?id=100054311390282","article_modified_time":"2026-02-18T18:25:21+00:00","twitter_card":"summary_large_image","twitter_misc":{"Estimated reading time":"1 minute"},"schema":{"@context":"https:\/\/schema.org","@graph":[{"@type":"WebPage","@id":"https:\/\/masricardenque.fr\/qrc-white-wine\/","url":"https:\/\/masricardenque.fr\/qrc-white-wine\/","name":"QRC white wine - Mas Ricardenque","isPartOf":{"@id":"https:\/\/masricardenque.fr\/#website"},"datePublished":"2026-02-18T14:14:21+00:00","dateModified":"2026-02-18T18:25:21+00:00","breadcrumb":{"@id":"https:\/\/masricardenque.fr\/qrc-white-wine\/#breadcrumb"},"inLanguage":"en-GB","potentialAction":[{"@type":"ReadAction","target":["https:\/\/masricardenque.fr\/qrc-white-wine\/"]}]},{"@type":"BreadcrumbList","@id":"https:\/\/masricardenque.fr\/qrc-white-wine\/#breadcrumb","itemListElement":[{"@type":"ListItem","position":1,"name":"Accueil","item":"https:\/\/masricardenque.fr\/"},{"@type":"ListItem","position":2,"name":"QRC white wine"}]},{"@type":"WebSite","@id":"https:\/\/masricardenque.fr\/#website","url":"https:\/\/masricardenque.fr\/","name":"www.masricardenque.fr","description":"Wine and rosa centifolia organic producer in Callian","publisher":{"@id":"https:\/\/masricardenque.fr\/#organization"},"potentialAction":[{"@type":"SearchAction","target":{"@type":"EntryPoint","urlTemplate":"https:\/\/masricardenque.fr\/?s={search_term_string}"},"query-input":{"@type":"PropertyValueSpecification","valueRequired":true,"valueName":"search_term_string"}}],"inLanguage":"en-GB"},{"@type":"Organization","@id":"https:\/\/masricardenque.fr\/#organization","name":"www.masricardenque.fr","url":"https:\/\/masricardenque.fr\/","logo":{"@type":"ImageObject","inLanguage":"en-GB","@id":"https:\/\/masricardenque.fr\/#\/schema\/logo\/image\/","url":"https:\/\/masricardenque.fr\/wp-content\/uploads\/2022\/06\/cropped-Logo-mas-ricardenque-noir.png","contentUrl":"https:\/\/masricardenque.fr\/wp-content\/uploads\/2022\/06\/cropped-Logo-mas-ricardenque-noir.png","width":890,"height":418,"caption":"www.masricardenque.fr"},"image":{"@id":"https:\/\/masricardenque.fr\/#\/schema\/logo\/image\/"},"sameAs":["https:\/\/www.facebook.com\/profile.php?id=100054311390282"]}]}},"_links":{"self":[{"href":"https:\/\/masricardenque.fr\/en\/wp-json\/wp\/v2\/pages\/3514","targetHints":{"allow":["GET"]}}],"collection":[{"href":"https:\/\/masricardenque.fr\/en\/wp-json\/wp\/v2\/pages"}],"about":[{"href":"https:\/\/masricardenque.fr\/en\/wp-json\/wp\/v2\/types\/page"}],"author":[{"embeddable":true,"href":"https:\/\/masricardenque.fr\/en\/wp-json\/wp\/v2\/users\/1"}],"replies":[{"embeddable":true,"href":"https:\/\/masricardenque.fr\/en\/wp-json\/wp\/v2\/comments?post=3514"}],"version-history":[{"count":10,"href":"https:\/\/masricardenque.fr\/en\/wp-json\/wp\/v2\/pages\/3514\/revisions"}],"predecessor-version":[{"id":3555,"href":"https:\/\/masricardenque.fr\/en\/wp-json\/wp\/v2\/pages\/3514\/revisions\/3555"}],"wp:attachment":[{"href":"https:\/\/masricardenque.fr\/en\/wp-json\/wp\/v2\/media?parent=3514"}],"curies":[{"name":"wp","href":"https:\/\/api.w.org\/{rel}","templated":true}]}}