{"id":2929,"date":"2023-01-03T16:12:00","date_gmt":"2023-01-03T15:12:00","guid":{"rendered":"https:\/\/masricardenque.fr\/?page_id=2929"},"modified":"2023-01-03T16:12:01","modified_gmt":"2023-01-03T15:12:01","slug":"politique-de-confidentialite","status":"publish","type":"page","link":"https:\/\/masricardenque.fr\/en\/politique-de-confidentialite\/","title":{"rendered":"Politique de confidentialit\u00e9"},"content":{"rendered":"<p>En vous connectant sur ce site, vous acceptez sans r\u00e9serve les pr\u00e9sentes modalit\u00e9s.<\/p>\n\n\n\n<h2 class=\"wp-block-heading\">Responsable Editorial<\/h2>\n\n\n\n<p>Lauriane Guignon<\/p>\n\n\n\n<p>Nom Commercial : Mas Ricardenque<\/p>\n\n\n\n<p>612 chemin des crotons , Mas Ricardenque, 83440, Callian<\/p>\n\n\n\n<p>Siren : 804030815<\/p>\n\n\n\n<p>Email : lauriane.guignon@masricardenque.fr<\/p>\n\n\n\n<h2 class=\"wp-block-heading\">H\u00c9BERGEMENT :<\/h2>\n\n\n\n<p><strong>I<\/strong>ONOS &nbsp;\u2013 Groupe 1&amp;1<\/p>\n\n\n\n<h2 class=\"wp-block-heading\">D\u00c9VELOPPEMENT :<\/h2>\n\n\n\n<p>OYIANA \u2013 Luca Guignon<\/p>\n\n\n\n<p>Adresse : 1239 Route de Fayence&nbsp; 83440 Callian<\/p>\n\n\n\n<p>Site Web : www.oyiana.com<\/p>\n\n\n\n<h2 class=\"wp-block-heading\">CONDITIONS D\u2019UTILISATION :<\/h2>\n\n\n\n<p>MAS RICARDENQUE met en \u0153uvre tous les moyens dont elle dispose, pour assurer une information fiable et une mise \u00e0 jour fiable de son site internet. Toutefois, des erreurs ou omissions peuvent survenir. L\u2019internaute devra donc s\u2019assurer de l\u2019exactitude des informations aupr\u00e8s de et signaler toutes modifications du site qu\u2019il jugerait utile. MAS RICARDENQUE n\u2019est en aucun cas responsable de l\u2019utilisation faite de ces informations, et de tout pr\u00e9judice direct ou indirect pouvant en d\u00e9couler.<\/p>\n\n\n\n<p>Cookies : Le site <a href=\"https:\/\/masricardenque.fr\/en\/\">https:\/\/masricardenque.fr\/<\/a> peut-\u00eatre amen\u00e9 \u00e0 vous demander l\u2019acceptation des cookies pour des besoins de statistiques et d\u2019affichage. Un cookie est une information d\u00e9pos\u00e9e sur votre disque dur par le serveur du site que vous visitez. Il contient plusieurs donn\u00e9es qui sont stock\u00e9es sur votre ordinateur dans un simple fichier texte auquel un serveur acc\u00e8de pour lire et enregistrer des informations. Certaines parties de ce site ne peuvent \u00eatre fonctionnelles sans l\u2019acceptation de cookies.<\/p>\n\n\n\n<p>Liens hypertextes : Les sites internet peuvent offrir des liens vers d\u2019autres sites internet ou d\u2019autres ressources disponibles sur Internet. MAS RICARDENQUE ne dispose d\u2019aucun moyen pour contr\u00f4ler les sites en connexion avec ses sites internet. MAS RICARDENQUE ne peut \u00eatre tenue pour responsable de tout dommage, de quelque nature que ce soit, r\u00e9sultant du contenu de ces sites ou sources externes, et notamment des informations, produits ou services qu\u2019ils proposent, ou de tout usage qui peut \u00eatre fait de ces \u00e9l\u00e9ments. Les risques li\u00e9s \u00e0 cette utilisation incombent pleinement \u00e0 l\u2019internaute, qui doit se conformer \u00e0 leurs conditions d\u2019utilisation.<\/p>\n\n\n\n<p>Les utilisateurs, les abonn\u00e9s et les visiteurs des sites internet de MAS RICARDENQUE ne peuvent mettre en place un hyperlien en direction de ce site sans l\u2019autorisation expresse et pr\u00e9alable de MAS RICARDENQUE.<\/p>\n\n\n\n<h2 class=\"wp-block-heading\">SERVICES FOURNIS :<\/h2>\n\n\n\n<p>L\u2019ensemble des activit\u00e9s de la soci\u00e9t\u00e9 ainsi que ses informations sont pr\u00e9sent\u00e9s sur notre site <a href=\"https:\/\/masricardenque.fr\/en\/\">https:\/\/masricardenque.fr\/<\/a><\/p>\n\n\n\n<p>MAS RICARDENQUE s\u2019efforce de fournir sur le site des informations aussi pr\u00e9cises que possible. Les renseignements figurant sur le site <a href=\"https:\/\/masricardenque.fr\/en\/\">https:\/\/masricardenque.fr\/<\/a> &nbsp;&nbsp;ne sont pas exhaustifs et les photos non contractuelles. Ils sont donn\u00e9s sous r\u00e9serve de modifications ayant \u00e9t\u00e9 apport\u00e9es depuis leur mise en ligne. Par ailleurs, toutes les informations indiqu\u00e9es sur le site <a href=\"https:\/\/masricardenque.fr\/en\/\">https:\/\/masricardenque.fr\/<\/a> sont donn\u00e9es \u00e0 titre indicatif, et sont susceptibles de changer ou d\u2019\u00e9voluer sans pr\u00e9avis.<\/p>\n\n\n\n<h2 class=\"wp-block-heading\">LIMITATION CONTRACTUELLES SUR LES DONN\u00c9ES :<\/h2>\n\n\n\n<p>Tout contenu t\u00e9l\u00e9charg\u00e9 se fait aux risques et p\u00e9rils de l\u2019utilisateur et sous sa seule responsabilit\u00e9. En cons\u00e9quence, ne saurait \u00eatre tenu responsable d\u2019un quelconque dommage subi par l\u2019ordinateur de l\u2019utilisateur ou d\u2019une quelconque perte de donn\u00e9es cons\u00e9cutives au t\u00e9l\u00e9chargement. De plus, l\u2019utilisateur du site s\u2019engage \u00e0 acc\u00e9der au site en utilisant un mat\u00e9riel r\u00e9cent, ne contenant pas de virus et avec un navigateur de derni\u00e8re g\u00e9n\u00e9ration mise \u00e0 jour.<\/p>\n\n\n\n<h2 class=\"wp-block-heading\">PROPRI\u00c9T\u00c9 INTELLECTUELLE :<\/h2>\n\n\n\n<p>Tout le contenu du pr\u00e9sent sur le site <a href=\"https:\/\/masricardenque.fr\/en\/\">https:\/\/masricardenque.fr\/<\/a>, incluant, de fa\u00e7on non limitative, les graphismes, images, textes, vid\u00e9os, animations, sons, logos, gifs et ic\u00f4nes ainsi que leur mise en forme sont la propri\u00e9t\u00e9 exclusive de la soci\u00e9t\u00e9 \u00e0 l\u2019exception des marques, logos ou contenus appartenant \u00e0 d\u2019autres soci\u00e9t\u00e9s partenaires ou auteurs.<\/p>\n\n\n\n<p>Toute reproduction, repr\u00e9sentation, modification, publication, adaptation de tout ou partie des \u00e9l\u00e9ments du site, quel que soit le moyen ou le proc\u00e9d\u00e9 utilis\u00e9, est interdite.<\/p>\n\n\n\n<p>Toute exploitation non autoris\u00e9e du site ou de l\u2019un quelconque des \u00e9l\u00e9ments qu\u2019il contient sera consid\u00e9r\u00e9e comme constitutive d\u2019une contrefa\u00e7on et poursuivie conform\u00e9ment aux dispositions des articles L.335-2 et suivants du Code de Propri\u00e9t\u00e9 Intellectuelle.<\/p>\n\n\n\n<h2 class=\"wp-block-heading\">LITIGES :<\/h2>\n\n\n\n<p>Les pr\u00e9sentes conditions du site <a href=\"https:\/\/masricardenque.fr\/en\/\">https:\/\/masricardenque.fr\/<\/a>sont r\u00e9gies par les lois fran\u00e7aises et toute contestation ou litiges qui pourraient na\u00eetre de l\u2019interpr\u00e9tation ou de l\u2019ex\u00e9cution de celles-ci seront de la comp\u00e9tence exclusive des tribunaux dont d\u00e9pend le si\u00e8ge social de la soci\u00e9t\u00e9. La langue de r\u00e9f\u00e9rence, pour le r\u00e8glement de contentieux \u00e9ventuels, est le fran\u00e7ais.<\/p>\n\n\n\n<h2 class=\"wp-block-heading\">DONN\u00c9ES PERSONNELLES :<\/h2>\n\n\n\n<p>De mani\u00e8re g\u00e9n\u00e9rale, vous n\u2019\u00eates pas tenu de nous communiquer vos donn\u00e9es personnelles lorsque vous visitez notre site Internet <a href=\"https:\/\/masricardenque.fr\/en\/\">https:\/\/masricardenque.fr\/<\/a><\/p>\n\n\n\n<p>Cependant, ce principe comporte certaines exceptions. En effet, pour certains services propos\u00e9s par notre site, vous pouvez \u00eatre amen\u00e9s \u00e0 nous communiquer certaines donn\u00e9es telles que : votre nom, votre fonction, le nom de votre soci\u00e9t\u00e9, votre adresse \u00e9lectronique, et votre num\u00e9ro de t\u00e9l\u00e9phone. Tel est le cas lorsque vous remplissez le formulaire qui vous est propos\u00e9 en ligne, dans la rubrique \u00ab Nous contacter \u00bb. Dans tous les cas, vous pouvez refuser de fournir vos donn\u00e9es personnelles. Dans ce cas, vous ne pourrez pas utiliser les services du site, notamment celui de solliciter des renseignements sur notre soci\u00e9t\u00e9, ou de recevoir les lettres d\u2019information. Enfin, MAS RICARDENQUE peut collecter de mani\u00e8re automatique certaines informations vous concernant lors d\u2019une simple navigation sur notre site Internet, notamment : des informations concernant l\u2019utilisation de notre site, comme les zones que vous visitez et les services auxquels vous acc\u00e9dez, votre adresse IP, le type de votre navigateur, vos temps d\u2019acc\u00e8s. De telles informations sont utilis\u00e9es exclusivement \u00e0 des fins de statistiques internes, de mani\u00e8re \u00e0 am\u00e9liorer la qualit\u00e9 des services qui vous sont propos\u00e9s. Les bases de donn\u00e9es sont prot\u00e9g\u00e9es par les dispositions de la loi du 1er juillet 1998 transposant la directive 96\/9 du 11 mars 1996 relative \u00e0 la protection juridique des bases de donn\u00e9es.<\/p>","protected":false},"excerpt":{"rendered":"<p>En vous connectant sur ce site, vous acceptez sans r\u00e9serve les pr\u00e9sentes modalit\u00e9s. Responsable Editorial Lauriane Guignon Nom Commercial : Mas Ricardenque 612 chemin des crotons , Mas Ricardenque, 83440, Callian Siren : 804030815 Email : lauriane.guignon@masricardenque.fr H\u00c9BERGEMENT : IONOS &nbsp;\u2013 Groupe 1&amp;1 D\u00c9VELOPPEMENT : OYIANA \u2013 Luca Guignon Adresse : 1239 Route de Fayence&nbsp; [&hellip;]<\/p>\n","protected":false},"author":1,"featured_media":0,"parent":0,"menu_order":0,"comment_status":"closed","ping_status":"closed","template":"","meta":{"site-sidebar-layout":"default","site-content-layout":"","ast-site-content-layout":"default","site-content-style":"default","site-sidebar-style":"default","ast-global-header-display":"","ast-banner-title-visibility":"","ast-main-header-display":"","ast-hfb-above-header-display":"","ast-hfb-below-header-display":"","ast-hfb-mobile-header-display":"","site-post-title":"","ast-breadcrumbs-content":"","ast-featured-img":"","footer-sml-layout":"","ast-disable-related-posts":"","theme-transparent-header-meta":"","adv-header-id-meta":"","stick-header-meta":"","header-above-stick-meta":"","header-main-stick-meta":"","header-below-stick-meta":"","astra-migrate-meta-layouts":"default","ast-page-background-enabled":"default","ast-page-background-meta":{"desktop":{"background-color":"var(--ast-global-color-4)","background-image":"","background-repeat":"repeat","background-position":"center center","background-size":"auto","background-attachment":"scroll","background-type":"","background-media":"","overlay-type":"","overlay-color":"","overlay-opacity":"","overlay-gradient":""},"tablet":{"background-color":"","background-image":"","background-repeat":"repeat","background-position":"center center","background-size":"auto","background-attachment":"scroll","background-type":"","background-media":"","overlay-type":"","overlay-color":"","overlay-opacity":"","overlay-gradient":""},"mobile":{"background-color":"","background-image":"","background-repeat":"repeat","background-position":"center center","background-size":"auto","background-attachment":"scroll","background-type":"","background-media":"","overlay-type":"","overlay-color":"","overlay-opacity":"","overlay-gradient":""}},"ast-content-background-meta":{"desktop":{"background-color":"var(--ast-global-color-5)","background-image":"","background-repeat":"repeat","background-position":"center center","background-size":"auto","background-attachment":"scroll","background-type":"","background-media":"","overlay-type":"","overlay-color":"","overlay-opacity":"","overlay-gradient":""},"tablet":{"background-color":"var(--ast-global-color-5)","background-image":"","background-repeat":"repeat","background-position":"center center","background-size":"auto","background-attachment":"scroll","background-type":"","background-media":"","overlay-type":"","overlay-color":"","overlay-opacity":"","overlay-gradient":""},"mobile":{"background-color":"var(--ast-global-color-5)","background-image":"","background-repeat":"repeat","background-position":"center center","background-size":"auto","background-attachment":"scroll","background-type":"","background-media":"","overlay-type":"","overlay-color":"","overlay-opacity":"","overlay-gradient":""}},"footnotes":""},"class_list":["post-2929","page","type-page","status-publish","hentry"],"yoast_head":"<!-- This site is optimized with the Yoast SEO plugin v27.4 - https:\/\/yoast.com\/product\/yoast-seo-wordpress\/ -->\n<title>Politique de confidentialit\u00e9 - Mas Ricardenque<\/title>\n<meta name=\"robots\" content=\"index, follow, max-snippet:-1, max-image-preview:large, max-video-preview:-1\" \/>\n<link rel=\"canonical\" href=\"https:\/\/masricardenque.fr\/en\/politique-de-confidentialite\/\" \/>\n<meta property=\"og:locale\" content=\"en_GB\" \/>\n<meta property=\"og:type\" content=\"article\" \/>\n<meta property=\"og:title\" content=\"Politique de confidentialit\u00e9 - Mas Ricardenque\" \/>\n<meta property=\"og:description\" content=\"En vous connectant sur ce site, vous acceptez sans r\u00e9serve les pr\u00e9sentes modalit\u00e9s. Responsable Editorial Lauriane Guignon Nom Commercial : Mas Ricardenque 612 chemin des crotons , Mas Ricardenque, 83440, Callian Siren : 804030815 Email : lauriane.guignon@masricardenque.fr H\u00c9BERGEMENT : IONOS &nbsp;\u2013 Groupe 1&amp;1 D\u00c9VELOPPEMENT : OYIANA \u2013 Luca Guignon Adresse : 1239 Route de Fayence&nbsp; [&hellip;]\" \/>\n<meta property=\"og:url\" content=\"https:\/\/masricardenque.fr\/en\/politique-de-confidentialite\/\" \/>\n<meta property=\"og:site_name\" content=\"Mas Ricardenque\" \/>\n<meta property=\"article:publisher\" content=\"https:\/\/www.facebook.com\/profile.php?id=100054311390282\" \/>\n<meta property=\"article:modified_time\" content=\"2023-01-03T15:12:01+00:00\" \/>\n<meta name=\"twitter:card\" content=\"summary_large_image\" \/>\n<meta name=\"twitter:label1\" content=\"Estimated reading time\" \/>\n\t<meta name=\"twitter:data1\" content=\"5 minutes\" \/>\n<script type=\"application\/ld+json\" class=\"yoast-schema-graph\">{\"@context\":\"https:\\\/\\\/schema.org\",\"@graph\":[{\"@type\":\"WebPage\",\"@id\":\"https:\\\/\\\/masricardenque.fr\\\/politique-de-confidentialite\\\/\",\"url\":\"https:\\\/\\\/masricardenque.fr\\\/politique-de-confidentialite\\\/\",\"name\":\"Politique de confidentialit\u00e9 - Mas Ricardenque\",\"isPartOf\":{\"@id\":\"https:\\\/\\\/masricardenque.fr\\\/#website\"},\"datePublished\":\"2023-01-03T15:12:00+00:00\",\"dateModified\":\"2023-01-03T15:12:01+00:00\",\"breadcrumb\":{\"@id\":\"https:\\\/\\\/masricardenque.fr\\\/politique-de-confidentialite\\\/#breadcrumb\"},\"inLanguage\":\"en-GB\",\"potentialAction\":[{\"@type\":\"ReadAction\",\"target\":[\"https:\\\/\\\/masricardenque.fr\\\/politique-de-confidentialite\\\/\"]}]},{\"@type\":\"BreadcrumbList\",\"@id\":\"https:\\\/\\\/masricardenque.fr\\\/politique-de-confidentialite\\\/#breadcrumb\",\"itemListElement\":[{\"@type\":\"ListItem\",\"position\":1,\"name\":\"Accueil\",\"item\":\"https:\\\/\\\/masricardenque.fr\\\/\"},{\"@type\":\"ListItem\",\"position\":2,\"name\":\"Politique de confidentialit\u00e9\"}]},{\"@type\":\"WebSite\",\"@id\":\"https:\\\/\\\/masricardenque.fr\\\/#website\",\"url\":\"https:\\\/\\\/masricardenque.fr\\\/\",\"name\":\"www.masricardenque.fr\",\"description\":\"Producteur de vins et de roses centifolia biologiques \u00e0 Callian\",\"publisher\":{\"@id\":\"https:\\\/\\\/masricardenque.fr\\\/#organization\"},\"potentialAction\":[{\"@type\":\"SearchAction\",\"target\":{\"@type\":\"EntryPoint\",\"urlTemplate\":\"https:\\\/\\\/masricardenque.fr\\\/?s={search_term_string}\"},\"query-input\":{\"@type\":\"PropertyValueSpecification\",\"valueRequired\":true,\"valueName\":\"search_term_string\"}}],\"inLanguage\":\"en-GB\"},{\"@type\":\"Organization\",\"@id\":\"https:\\\/\\\/masricardenque.fr\\\/#organization\",\"name\":\"www.masricardenque.fr\",\"url\":\"https:\\\/\\\/masricardenque.fr\\\/\",\"logo\":{\"@type\":\"ImageObject\",\"inLanguage\":\"en-GB\",\"@id\":\"https:\\\/\\\/masricardenque.fr\\\/#\\\/schema\\\/logo\\\/image\\\/\",\"url\":\"https:\\\/\\\/masricardenque.fr\\\/wp-content\\\/uploads\\\/2022\\\/06\\\/cropped-Logo-mas-ricardenque-noir.png\",\"contentUrl\":\"https:\\\/\\\/masricardenque.fr\\\/wp-content\\\/uploads\\\/2022\\\/06\\\/cropped-Logo-mas-ricardenque-noir.png\",\"width\":890,\"height\":418,\"caption\":\"www.masricardenque.fr\"},\"image\":{\"@id\":\"https:\\\/\\\/masricardenque.fr\\\/#\\\/schema\\\/logo\\\/image\\\/\"},\"sameAs\":[\"https:\\\/\\\/www.facebook.com\\\/profile.php?id=100054311390282\"]}]}<\/script>\n<!-- \/ Yoast SEO plugin. -->","yoast_head_json":{"title":"Politique de confidentialit\u00e9 - Mas Ricardenque","robots":{"index":"index","follow":"follow","max-snippet":"max-snippet:-1","max-image-preview":"max-image-preview:large","max-video-preview":"max-video-preview:-1"},"canonical":"https:\/\/masricardenque.fr\/en\/politique-de-confidentialite\/","og_locale":"en_GB","og_type":"article","og_title":"Politique de confidentialit\u00e9 - Mas Ricardenque","og_description":"En vous connectant sur ce site, vous acceptez sans r\u00e9serve les pr\u00e9sentes modalit\u00e9s. Responsable Editorial Lauriane Guignon Nom Commercial : Mas Ricardenque 612 chemin des crotons , Mas Ricardenque, 83440, Callian Siren : 804030815 Email : lauriane.guignon@masricardenque.fr H\u00c9BERGEMENT : IONOS &nbsp;\u2013 Groupe 1&amp;1 D\u00c9VELOPPEMENT : OYIANA \u2013 Luca Guignon Adresse : 1239 Route de Fayence&nbsp; [&hellip;]","og_url":"https:\/\/masricardenque.fr\/en\/politique-de-confidentialite\/","og_site_name":"Mas Ricardenque","article_publisher":"https:\/\/www.facebook.com\/profile.php?id=100054311390282","article_modified_time":"2023-01-03T15:12:01+00:00","twitter_card":"summary_large_image","twitter_misc":{"Estimated reading time":"5 minutes"},"schema":{"@context":"https:\/\/schema.org","@graph":[{"@type":"WebPage","@id":"https:\/\/masricardenque.fr\/politique-de-confidentialite\/","url":"https:\/\/masricardenque.fr\/politique-de-confidentialite\/","name":"Politique de confidentialit\u00e9 - Mas Ricardenque","isPartOf":{"@id":"https:\/\/masricardenque.fr\/#website"},"datePublished":"2023-01-03T15:12:00+00:00","dateModified":"2023-01-03T15:12:01+00:00","breadcrumb":{"@id":"https:\/\/masricardenque.fr\/politique-de-confidentialite\/#breadcrumb"},"inLanguage":"en-GB","potentialAction":[{"@type":"ReadAction","target":["https:\/\/masricardenque.fr\/politique-de-confidentialite\/"]}]},{"@type":"BreadcrumbList","@id":"https:\/\/masricardenque.fr\/politique-de-confidentialite\/#breadcrumb","itemListElement":[{"@type":"ListItem","position":1,"name":"Accueil","item":"https:\/\/masricardenque.fr\/"},{"@type":"ListItem","position":2,"name":"Politique de confidentialit\u00e9"}]},{"@type":"WebSite","@id":"https:\/\/masricardenque.fr\/#website","url":"https:\/\/masricardenque.fr\/","name":"www.masricardenque.fr","description":"Wine and rosa centifolia organic producer in Callian","publisher":{"@id":"https:\/\/masricardenque.fr\/#organization"},"potentialAction":[{"@type":"SearchAction","target":{"@type":"EntryPoint","urlTemplate":"https:\/\/masricardenque.fr\/?s={search_term_string}"},"query-input":{"@type":"PropertyValueSpecification","valueRequired":true,"valueName":"search_term_string"}}],"inLanguage":"en-GB"},{"@type":"Organization","@id":"https:\/\/masricardenque.fr\/#organization","name":"www.masricardenque.fr","url":"https:\/\/masricardenque.fr\/","logo":{"@type":"ImageObject","inLanguage":"en-GB","@id":"https:\/\/masricardenque.fr\/#\/schema\/logo\/image\/","url":"https:\/\/masricardenque.fr\/wp-content\/uploads\/2022\/06\/cropped-Logo-mas-ricardenque-noir.png","contentUrl":"https:\/\/masricardenque.fr\/wp-content\/uploads\/2022\/06\/cropped-Logo-mas-ricardenque-noir.png","width":890,"height":418,"caption":"www.masricardenque.fr"},"image":{"@id":"https:\/\/masricardenque.fr\/#\/schema\/logo\/image\/"},"sameAs":["https:\/\/www.facebook.com\/profile.php?id=100054311390282"]}]}},"_links":{"self":[{"href":"https:\/\/masricardenque.fr\/en\/wp-json\/wp\/v2\/pages\/2929","targetHints":{"allow":["GET"]}}],"collection":[{"href":"https:\/\/masricardenque.fr\/en\/wp-json\/wp\/v2\/pages"}],"about":[{"href":"https:\/\/masricardenque.fr\/en\/wp-json\/wp\/v2\/types\/page"}],"author":[{"embeddable":true,"href":"https:\/\/masricardenque.fr\/en\/wp-json\/wp\/v2\/users\/1"}],"replies":[{"embeddable":true,"href":"https:\/\/masricardenque.fr\/en\/wp-json\/wp\/v2\/comments?post=2929"}],"version-history":[{"count":1,"href":"https:\/\/masricardenque.fr\/en\/wp-json\/wp\/v2\/pages\/2929\/revisions"}],"predecessor-version":[{"id":2930,"href":"https:\/\/masricardenque.fr\/en\/wp-json\/wp\/v2\/pages\/2929\/revisions\/2930"}],"wp:attachment":[{"href":"https:\/\/masricardenque.fr\/en\/wp-json\/wp\/v2\/media?parent=2929"}],"curies":[{"name":"wp","href":"https:\/\/api.w.org\/{rel}","templated":true}]}}